{"id":870,"date":"2024-01-31T15:00:27","date_gmt":"2024-01-31T15:00:27","guid":{"rendered":"http:\/\/localhost\/pedido\/?page_id=870"},"modified":"2025-01-22T20:18:13","modified_gmt":"2025-01-23T01:18:13","slug":"ir-a-los-dias","status":"publish","type":"page","link":"https:\/\/pedido.org\/_web\/ir-a-los-dias\/","title":{"rendered":"ir a los dias"},"content":{"rendered":"<p>[et_pb_section fb_built=\u00bb1&#8243; admin_label=\u00bbSection animation\u00bb _builder_version=\u00bb4.23.4&#8243; _module_preset=\u00bbdefault\u00bb animation_style=\u00bbslide\u00bb animation_direction=\u00bbright\u00bb da_disable_devices=\u00bboff|off|off\u00bb global_colors_info=\u00bb{}\u00bb da_is_popup=\u00bboff\u00bb da_exit_intent=\u00bboff\u00bb da_has_close=\u00bbon\u00bb da_alt_close=\u00bboff\u00bb da_dark_close=\u00bboff\u00bb da_not_modal=\u00bbon\u00bb da_is_singular=\u00bboff\u00bb da_with_loader=\u00bboff\u00bb da_has_shadow=\u00bbon\u00bb][et_pb_row column_structure=\u00bb1_4,1_4,1_4,1_4&#8243; use_custom_gutter=\u00bbon\u00bb gutter_width=\u00bb2&#8243; make_equal=\u00bbon\u00bb _builder_version=\u00bb4.23.4&#8243; _module_preset=\u00bbdefault\u00bb max_width=\u00bb900px\u00bb max_width_tablet=\u00bb900px\u00bb max_width_phone=\u00bb900px\u00bb max_width_last_edited=\u00bbon|desktop\u00bb global_colors_info=\u00bb{}\u00bb][et_pb_column type=\u00bb1_4&#8243; _builder_version=\u00bb4.23.4&#8243; _module_preset=\u00bbdefault\u00bb global_colors_info=\u00bb{}\u00bb][et_pb_text _builder_version=\u00bb4.27.4&#8243; _dynamic_attributes=\u00bblink_option_url\u00bb _module_preset=\u00bbdefault\u00bb text_font=\u00bb|600|||||||\u00bb text_text_color=\u00bb#FFFFFF\u00bb text_font_size=\u00bb20px\u00bb background_image=\u00bbhttps:\/\/pedido.org\/_web\/wp-content\/uploads\/2024\/01\/0.png\u00bb background_size=\u00bbcontain\u00bb custom_padding=\u00bb40px|20px|40px|20px|true|false\u00bb link_option_url=\u00bb@ET-DC@eyJkeW5hbWljIjp0cnVlLCJjb250ZW50IjoicG9zdF9saW5rX3VybF9wYWdlIiwic2V0dGluZ3MiOnsicG9zdF9pZCI6IjQxMyJ9fQ==@\u00bb hover_enabled=\u00bb0&#8243; global_colors_info=\u00bb{}\u00bb sticky_enabled=\u00bb0&#8243;]<\/p>\n<p style=\"text-align: center;\">D\u00eda 0<\/p>\n<p>[\/et_pb_text][et_pb_text _builder_version=\u00bb4.27.4&#8243; _module_preset=\u00bbdefault\u00bb text_orientation=\u00bbcenter\u00bb hover_enabled=\u00bb0&#8243; global_colors_info=\u00bb{}\u00bb sticky_enabled=\u00bb0&#8243;]<\/p>\n<p style=\"text-align: center;\"><span>Preparaci\u00f3n<\/span><\/p>\n<p>[\/et_pb_text][\/et_pb_column][et_pb_column type=\u00bb1_4&#8243; _builder_version=\u00bb4.23.4&#8243; _module_preset=\u00bbdefault\u00bb global_colors_info=\u00bb{}\u00bb][et_pb_text _builder_version=\u00bb4.23.4&#8243; _dynamic_attributes=\u00bblink_option_url\u00bb _module_preset=\u00bbdefault\u00bb text_font=\u00bb|600|||||||\u00bb text_text_color=\u00bb#FFFFFF\u00bb text_font_size=\u00bb20px\u00bb background_image=\u00bbhttps:\/\/pedido.org\/_web\/wp-content\/uploads\/2024\/01\/1.png\u00bb background_size=\u00bbcontain\u00bb custom_padding=\u00bb40px|20px|40px|20px|true|false\u00bb link_option_url=\u00bb@ET-DC@eyJkeW5hbWljIjp0cnVlLCJjb250ZW50IjoicG9zdF9saW5rX3VybF9wYWdlIiwic2V0dGluZ3MiOnsicG9zdF9pZCI6IjQ0OCJ9fQ==@\u00bb global_colors_info=\u00bb{}\u00bb]<\/p>\n<p style=\"text-align: center;\">D\u00eda 1<\/p>\n<p>[\/et_pb_text][et_pb_text _builder_version=\u00bb4.27.4&#8243; _module_preset=\u00bbdefault\u00bb text_orientation=\u00bbcenter\u00bb hover_enabled=\u00bb0&#8243; global_colors_info=\u00bb{}\u00bb sticky_enabled=\u00bb0&#8243;]<\/p>\n<p style=\"text-align: center;\"><span>Pide por ti mismo<\/span><\/p>\n<p>[\/et_pb_text][\/et_pb_column][et_pb_column type=\u00bb1_4&#8243; _builder_version=\u00bb4.23.4&#8243; _module_preset=\u00bbdefault\u00bb global_colors_info=\u00bb{}\u00bb][et_pb_text _builder_version=\u00bb4.23.4&#8243; _dynamic_attributes=\u00bblink_option_url\u00bb _module_preset=\u00bbdefault\u00bb text_font=\u00bb|600|||||||\u00bb text_text_color=\u00bb#516573&#8243; text_font_size=\u00bb20px\u00bb background_image=\u00bbhttps:\/\/pedido.org\/_web\/wp-content\/uploads\/2024\/01\/2.png\u00bb background_size=\u00bbcontain\u00bb custom_padding=\u00bb40px|20px|40px|20px|true|false\u00bb link_option_url=\u00bb@ET-DC@eyJkeW5hbWljIjp0cnVlLCJjb250ZW50IjoicG9zdF9saW5rX3VybF9wYWdlIiwic2V0dGluZ3MiOnsicG9zdF9pZCI6IjQ3NSJ9fQ==@\u00bb global_colors_info=\u00bb{}\u00bb]<\/p>\n<p style=\"text-align: center;\">D\u00eda 2<\/p>\n<p>[\/et_pb_text][et_pb_text _builder_version=\u00bb4.27.4&#8243; _module_preset=\u00bbdefault\u00bb text_orientation=\u00bbcenter\u00bb hover_enabled=\u00bb0&#8243; global_colors_info=\u00bb{}\u00bb sticky_enabled=\u00bb0&#8243;]<\/p>\n<p style=\"text-align: center;\"><span>Pide Por Tus Seres Queridos<\/span><\/p>\n<p>[\/et_pb_text][\/et_pb_column][et_pb_column type=\u00bb1_4&#8243; _builder_version=\u00bb4.23.4&#8243; _module_preset=\u00bbdefault\u00bb global_colors_info=\u00bb{}\u00bb][et_pb_text _builder_version=\u00bb4.23.4&#8243; _dynamic_attributes=\u00bblink_option_url\u00bb _module_preset=\u00bbdefault\u00bb text_font=\u00bb|600|||||||\u00bb text_text_color=\u00bb#516573&#8243; text_font_size=\u00bb20px\u00bb background_image=\u00bbhttps:\/\/pedido.org\/_web\/wp-content\/uploads\/2024\/01\/3.png\u00bb background_size=\u00bbcontain\u00bb custom_padding=\u00bb40px|20px|40px|20px|true|false\u00bb link_option_url=\u00bb@ET-DC@eyJkeW5hbWljIjp0cnVlLCJjb250ZW50IjoicG9zdF9saW5rX3VybF9wYWdlIiwic2V0dGluZ3MiOnsicG9zdF9pZCI6IjQ4OSJ9fQ==@\u00bb global_colors_info=\u00bb{}\u00bb]<\/p>\n<p style=\"text-align: center;\">D\u00eda 3<\/p>\n<p>[\/et_pb_text][et_pb_text _builder_version=\u00bb4.27.4&#8243; _module_preset=\u00bbdefault\u00bb text_orientation=\u00bbcenter\u00bb hover_enabled=\u00bb0&#8243; global_colors_info=\u00bb{}\u00bb sticky_enabled=\u00bb0&#8243;]<\/p>\n<p style=\"text-align: center;\"><span>Pide Por Alejarte De La Contradicci\u00f3n<\/span><\/p>\n<p>[\/et_pb_text][\/et_pb_column][\/et_pb_row][et_pb_row column_structure=\u00bb1_4,1_4,1_4,1_4&#8243; use_custom_gutter=\u00bbon\u00bb gutter_width=\u00bb2&#8243; make_equal=\u00bbon\u00bb _builder_version=\u00bb4.23.4&#8243; _module_preset=\u00bbdefault\u00bb max_width=\u00bb900px\u00bb max_width_tablet=\u00bb900px\u00bb max_width_phone=\u00bb900px\u00bb max_width_last_edited=\u00bbon|desktop\u00bb global_colors_info=\u00bb{}\u00bb][et_pb_column type=\u00bb1_4&#8243; _builder_version=\u00bb4.23.4&#8243; _module_preset=\u00bbdefault\u00bb global_colors_info=\u00bb{}\u00bb][et_pb_text _builder_version=\u00bb4.23.4&#8243; _dynamic_attributes=\u00bblink_option_url\u00bb _module_preset=\u00bbdefault\u00bb text_font=\u00bb|600|||||||\u00bb text_text_color=\u00bb#516573&#8243; text_font_size=\u00bb20px\u00bb background_image=\u00bbhttps:\/\/pedido.org\/_web\/wp-content\/uploads\/2024\/01\/title_bg_day_4.png\u00bb background_size=\u00bbcontain\u00bb custom_padding=\u00bb40px|20px|40px|20px|true|false\u00bb link_option_url=\u00bb@ET-DC@eyJkeW5hbWljIjp0cnVlLCJjb250ZW50IjoicG9zdF9saW5rX3VybF9wYWdlIiwic2V0dGluZ3MiOnsicG9zdF9pZCI6IjQ5MSJ9fQ==@\u00bb global_colors_info=\u00bb{}\u00bb]<\/p>\n<p style=\"text-align: center;\">D\u00eda 4<\/p>\n<p>[\/et_pb_text][et_pb_text _builder_version=\u00bb4.27.4&#8243; _module_preset=\u00bbdefault\u00bb text_orientation=\u00bbcenter\u00bb hover_enabled=\u00bb0&#8243; global_colors_info=\u00bb{}\u00bb sticky_enabled=\u00bb0&#8243;]<\/p>\n<p style=\"text-align: center;\"><span>Agradecimiento: D\u00eda De Gratitud<\/span><\/p>\n<p>[\/et_pb_text][\/et_pb_column][et_pb_column type=\u00bb1_4&#8243; _builder_version=\u00bb4.23.4&#8243; _module_preset=\u00bbdefault\u00bb global_colors_info=\u00bb{}\u00bb][et_pb_text _builder_version=\u00bb4.23.4&#8243; _dynamic_attributes=\u00bblink_option_url\u00bb _module_preset=\u00bbdefault\u00bb text_font=\u00bb|600|||||||\u00bb text_text_color=\u00bb#516573&#8243; text_font_size=\u00bb20px\u00bb background_image=\u00bbhttps:\/\/pedido.org\/_web\/wp-content\/uploads\/2024\/01\/title_bg_day_5.png\u00bb background_size=\u00bbcontain\u00bb custom_padding=\u00bb40px|20px|40px|20px|true|false\u00bb link_option_url=\u00bb@ET-DC@eyJkeW5hbWljIjp0cnVlLCJjb250ZW50IjoicG9zdF9saW5rX3VybF9wYWdlIiwic2V0dGluZ3MiOnsicG9zdF9pZCI6IjQ5MyJ9fQ==@\u00bb global_colors_info=\u00bb{}\u00bb]<\/p>\n<p style=\"text-align: center;\">D\u00eda 5<\/p>\n<p>[\/et_pb_text][et_pb_text _builder_version=\u00bb4.27.4&#8243; _module_preset=\u00bbdefault\u00bb text_orientation=\u00bbcenter\u00bb hover_enabled=\u00bb0&#8243; global_colors_info=\u00bb{}\u00bb sticky_enabled=\u00bb0&#8243;]<\/p>\n<p style=\"text-align: center;\"><span>Pide Por La Reconciliaci\u00f3n Contigo Mismo y Con Los Dem\u00e1s<\/span><\/p>\n<p>[\/et_pb_text][\/et_pb_column][et_pb_column type=\u00bb1_4&#8243; _builder_version=\u00bb4.23.4&#8243; _module_preset=\u00bbdefault\u00bb global_colors_info=\u00bb{}\u00bb][et_pb_text _builder_version=\u00bb4.23.4&#8243; _dynamic_attributes=\u00bblink_option_url\u00bb _module_preset=\u00bbdefault\u00bb text_font=\u00bb|600|||||||\u00bb text_text_color=\u00bb#516573&#8243; text_font_size=\u00bb20px\u00bb background_image=\u00bbhttps:\/\/pedido.org\/_web\/wp-content\/uploads\/2024\/01\/title_bg_day_6.png\u00bb background_size=\u00bbcontain\u00bb custom_padding=\u00bb40px|20px|40px|20px|true|false\u00bb link_option_url=\u00bb@ET-DC@eyJkeW5hbWljIjp0cnVlLCJjb250ZW50IjoicG9zdF9saW5rX3VybF9wYWdlIiwic2V0dGluZ3MiOnsicG9zdF9pZCI6IjQ5NSJ9fQ==@\u00bb global_colors_info=\u00bb{}\u00bb]<\/p>\n<p style=\"text-align: center;\">D\u00eda 6<\/p>\n<p>[\/et_pb_text][et_pb_text _builder_version=\u00bb4.27.4&#8243; _module_preset=\u00bbdefault\u00bb text_orientation=\u00bbcenter\u00bb hover_enabled=\u00bb0&#8243; global_colors_info=\u00bb{}\u00bb sticky_enabled=\u00bb0&#8243;]<\/p>\n<p style=\"text-align: center;\"><span>Pide Que Tu Vida Tenga Unidad<\/span><\/p>\n<p>[\/et_pb_text][\/et_pb_column][et_pb_column type=\u00bb1_4&#8243; _builder_version=\u00bb4.23.4&#8243; _module_preset=\u00bbdefault\u00bb global_colors_info=\u00bb{}\u00bb][et_pb_text _builder_version=\u00bb4.23.4&#8243; _dynamic_attributes=\u00bblink_option_url\u00bb _module_preset=\u00bbdefault\u00bb text_font=\u00bb|600|||||||\u00bb text_text_color=\u00bb#516573&#8243; text_font_size=\u00bb20px\u00bb background_image=\u00bbhttps:\/\/pedido.org\/_web\/wp-content\/uploads\/2024\/01\/title_bg_day_7.png\u00bb background_size=\u00bbcontain\u00bb custom_padding=\u00bb40px|20px|40px|20px|true|false\u00bb link_option_url=\u00bb@ET-DC@eyJkeW5hbWljIjp0cnVlLCJjb250ZW50IjoicG9zdF9saW5rX3VybF9wYWdlIiwic2V0dGluZ3MiOnsicG9zdF9pZCI6IjQ5NyJ9fQ==@\u00bb global_colors_info=\u00bb{}\u00bb]<\/p>\n<p style=\"text-align: center;\">D\u00eda 7<\/p>\n<p>[\/et_pb_text][et_pb_text _builder_version=\u00bb4.27.4&#8243; _module_preset=\u00bbdefault\u00bb text_orientation=\u00bbcenter\u00bb hover_enabled=\u00bb0&#8243; global_colors_info=\u00bb{}\u00bb sticky_enabled=\u00bb0&#8243;]<\/p>\n<p style=\"text-align: center;\"><span>Pide Por Lo Que Necesitas Realmente<\/span><\/p>\n<p>[\/et_pb_text][\/et_pb_column][\/et_pb_row][\/et_pb_section]<\/p>\n","protected":false},"excerpt":{"rendered":"<p>D\u00eda 0Preparaci\u00f3nD\u00eda 1Pide por ti mismoD\u00eda 2Pide Por Tus Seres QueridosD\u00eda 3Pide Por Alejarte De La Contradicci\u00f3nD\u00eda 4Agradecimiento: D\u00eda De GratitudD\u00eda 5Pide Por La Reconciliaci\u00f3n Contigo Mismo y Con Los Dem\u00e1sD\u00eda 6Pide Que Tu Vida Tenga UnidadD\u00eda 7Pide Por Lo Que Necesitas Realmente<\/p>\n","protected":false},"author":1,"featured_media":0,"parent":0,"menu_order":0,"comment_status":"closed","ping_status":"closed","template":"","meta":{"_et_pb_use_builder":"on","_et_pb_old_content":"<!-- wp:divi\/placeholder \/-->","_et_gb_content_width":"","footnotes":""},"class_list":["post-870","page","type-page","status-publish","hentry"],"yoast_head":"<!-- This site is optimized with the Yoast SEO plugin v27.4 - https:\/\/yoast.com\/product\/yoast-seo-wordpress\/ -->\n<title>ir a los dias - El Pedido<\/title>\n<meta name=\"robots\" content=\"index, follow, max-snippet:-1, max-image-preview:large, max-video-preview:-1\" \/>\n<link rel=\"canonical\" href=\"https:\/\/pedido.org\/_web\/ir-a-los-dias\/\" \/>\n<meta property=\"og:locale\" content=\"es_ES\" \/>\n<meta property=\"og:type\" content=\"article\" \/>\n<meta property=\"og:title\" content=\"ir a los dias - El Pedido\" \/>\n<meta property=\"og:description\" content=\"D\u00eda 0Preparaci\u00f3nD\u00eda 1Pide por ti mismoD\u00eda 2Pide Por Tus Seres QueridosD\u00eda 3Pide Por Alejarte De La Contradicci\u00f3nD\u00eda 4Agradecimiento: D\u00eda De GratitudD\u00eda 5Pide Por La Reconciliaci\u00f3n Contigo Mismo y Con Los Dem\u00e1sD\u00eda 6Pide Que Tu Vida Tenga UnidadD\u00eda 7Pide Por Lo Que Necesitas Realmente\" \/>\n<meta property=\"og:url\" content=\"https:\/\/pedido.org\/_web\/ir-a-los-dias\/\" \/>\n<meta property=\"og:site_name\" content=\"El Pedido\" \/>\n<meta property=\"article:modified_time\" content=\"2025-01-23T01:18:13+00:00\" \/>\n<meta name=\"twitter:card\" content=\"summary_large_image\" \/>\n<meta name=\"twitter:label1\" content=\"Tiempo de lectura\" \/>\n\t<meta name=\"twitter:data1\" content=\"5 minutos\" \/>\n<script type=\"application\/ld+json\" class=\"yoast-schema-graph\">{\"@context\":\"https:\\\/\\\/schema.org\",\"@graph\":[{\"@type\":\"WebPage\",\"@id\":\"https:\\\/\\\/pedido.org\\\/_web\\\/ir-a-los-dias\\\/\",\"url\":\"https:\\\/\\\/pedido.org\\\/_web\\\/ir-a-los-dias\\\/\",\"name\":\"ir a los dias - El Pedido\",\"isPartOf\":{\"@id\":\"https:\\\/\\\/pedido.org\\\/_web\\\/#website\"},\"datePublished\":\"2024-01-31T15:00:27+00:00\",\"dateModified\":\"2025-01-23T01:18:13+00:00\",\"breadcrumb\":{\"@id\":\"https:\\\/\\\/pedido.org\\\/_web\\\/ir-a-los-dias\\\/#breadcrumb\"},\"inLanguage\":\"es\",\"potentialAction\":[{\"@type\":\"ReadAction\",\"target\":[\"https:\\\/\\\/pedido.org\\\/_web\\\/ir-a-los-dias\\\/\"]}]},{\"@type\":\"BreadcrumbList\",\"@id\":\"https:\\\/\\\/pedido.org\\\/_web\\\/ir-a-los-dias\\\/#breadcrumb\",\"itemListElement\":[{\"@type\":\"ListItem\",\"position\":1,\"name\":\"Portada\",\"item\":\"https:\\\/\\\/pedido.org\\\/_web\\\/\"},{\"@type\":\"ListItem\",\"position\":2,\"name\":\"ir a los dias\"}]},{\"@type\":\"WebSite\",\"@id\":\"https:\\\/\\\/pedido.org\\\/_web\\\/#website\",\"url\":\"https:\\\/\\\/pedido.org\\\/_web\\\/\",\"name\":\"El Pedido\",\"description\":\"7 D\u00edas Del Pedido\",\"potentialAction\":[{\"@type\":\"SearchAction\",\"target\":{\"@type\":\"EntryPoint\",\"urlTemplate\":\"https:\\\/\\\/pedido.org\\\/_web\\\/?s={search_term_string}\"},\"query-input\":{\"@type\":\"PropertyValueSpecification\",\"valueRequired\":true,\"valueName\":\"search_term_string\"}}],\"inLanguage\":\"es\"}]}<\/script>\n<!-- \/ Yoast SEO plugin. -->","yoast_head_json":{"title":"ir a los dias - El Pedido","robots":{"index":"index","follow":"follow","max-snippet":"max-snippet:-1","max-image-preview":"max-image-preview:large","max-video-preview":"max-video-preview:-1"},"canonical":"https:\/\/pedido.org\/_web\/ir-a-los-dias\/","og_locale":"es_ES","og_type":"article","og_title":"ir a los dias - El Pedido","og_description":"D\u00eda 0Preparaci\u00f3nD\u00eda 1Pide por ti mismoD\u00eda 2Pide Por Tus Seres QueridosD\u00eda 3Pide Por Alejarte De La Contradicci\u00f3nD\u00eda 4Agradecimiento: D\u00eda De GratitudD\u00eda 5Pide Por La Reconciliaci\u00f3n Contigo Mismo y Con Los Dem\u00e1sD\u00eda 6Pide Que Tu Vida Tenga UnidadD\u00eda 7Pide Por Lo Que Necesitas Realmente","og_url":"https:\/\/pedido.org\/_web\/ir-a-los-dias\/","og_site_name":"El Pedido","article_modified_time":"2025-01-23T01:18:13+00:00","twitter_card":"summary_large_image","twitter_misc":{"Tiempo de lectura":"5 minutos"},"schema":{"@context":"https:\/\/schema.org","@graph":[{"@type":"WebPage","@id":"https:\/\/pedido.org\/_web\/ir-a-los-dias\/","url":"https:\/\/pedido.org\/_web\/ir-a-los-dias\/","name":"ir a los dias - El Pedido","isPartOf":{"@id":"https:\/\/pedido.org\/_web\/#website"},"datePublished":"2024-01-31T15:00:27+00:00","dateModified":"2025-01-23T01:18:13+00:00","breadcrumb":{"@id":"https:\/\/pedido.org\/_web\/ir-a-los-dias\/#breadcrumb"},"inLanguage":"es","potentialAction":[{"@type":"ReadAction","target":["https:\/\/pedido.org\/_web\/ir-a-los-dias\/"]}]},{"@type":"BreadcrumbList","@id":"https:\/\/pedido.org\/_web\/ir-a-los-dias\/#breadcrumb","itemListElement":[{"@type":"ListItem","position":1,"name":"Portada","item":"https:\/\/pedido.org\/_web\/"},{"@type":"ListItem","position":2,"name":"ir a los dias"}]},{"@type":"WebSite","@id":"https:\/\/pedido.org\/_web\/#website","url":"https:\/\/pedido.org\/_web\/","name":"El Pedido","description":"7 D\u00edas Del Pedido","potentialAction":[{"@type":"SearchAction","target":{"@type":"EntryPoint","urlTemplate":"https:\/\/pedido.org\/_web\/?s={search_term_string}"},"query-input":{"@type":"PropertyValueSpecification","valueRequired":true,"valueName":"search_term_string"}}],"inLanguage":"es"}]}},"_links":{"self":[{"href":"https:\/\/pedido.org\/_web\/wp-json\/wp\/v2\/pages\/870","targetHints":{"allow":["GET"]}}],"collection":[{"href":"https:\/\/pedido.org\/_web\/wp-json\/wp\/v2\/pages"}],"about":[{"href":"https:\/\/pedido.org\/_web\/wp-json\/wp\/v2\/types\/page"}],"author":[{"embeddable":true,"href":"https:\/\/pedido.org\/_web\/wp-json\/wp\/v2\/users\/1"}],"replies":[{"embeddable":true,"href":"https:\/\/pedido.org\/_web\/wp-json\/wp\/v2\/comments?post=870"}],"version-history":[{"count":16,"href":"https:\/\/pedido.org\/_web\/wp-json\/wp\/v2\/pages\/870\/revisions"}],"predecessor-version":[{"id":1337,"href":"https:\/\/pedido.org\/_web\/wp-json\/wp\/v2\/pages\/870\/revisions\/1337"}],"wp:attachment":[{"href":"https:\/\/pedido.org\/_web\/wp-json\/wp\/v2\/media?parent=870"}],"curies":[{"name":"wp","href":"https:\/\/api.w.org\/{rel}","templated":true}]}}