{"id":49,"date":"2023-11-30T19:49:58","date_gmt":"2023-11-30T19:49:58","guid":{"rendered":"http:\/\/localhost\/pedido\/?page_id=49"},"modified":"2025-01-26T19:08:45","modified_gmt":"2025-01-27T00:08:45","slug":"creditos","status":"publish","type":"page","link":"https:\/\/pedido.org\/_web\/creditos\/","title":{"rendered":"Creditos"},"content":{"rendered":"<p>[et_pb_section fb_built=\u00bb1&#8243; admin_label=\u00bbSection animation\u00bb _builder_version=\u00bb4.23.4&#8243; _module_preset=\u00bbdefault\u00bb animation_style=\u00bbslide\u00bb animation_direction=\u00bbright\u00bb da_disable_devices=\u00bboff|off|off\u00bb global_colors_info=\u00bb{}\u00bb da_is_popup=\u00bboff\u00bb da_exit_intent=\u00bboff\u00bb da_has_close=\u00bbon\u00bb da_alt_close=\u00bboff\u00bb da_dark_close=\u00bboff\u00bb da_not_modal=\u00bbon\u00bb da_is_singular=\u00bboff\u00bb da_with_loader=\u00bboff\u00bb da_has_shadow=\u00bbon\u00bb][et_pb_row _builder_version=\u00bb4.23.4&#8243; _module_preset=\u00bbdefault\u00bb max_width=\u00bb700px\u00bb max_width_tablet=\u00bb\u00bb max_width_phone=\u00bb\u00bb max_width_last_edited=\u00bbon|desktop\u00bb global_colors_info=\u00bb{}\u00bb][et_pb_column type=\u00bb4_4&#8243; _builder_version=\u00bb4.23.4&#8243; _module_preset=\u00bbdefault\u00bb global_colors_info=\u00bb{}\u00bb][et_pb_text _builder_version=\u00bb4.27.4&#8243; _module_preset=\u00bbdefault\u00bb header_3_text_align=\u00bbcenter\u00bb hover_enabled=\u00bb0&#8243; global_colors_info=\u00bb{}\u00bb sticky_enabled=\u00bb0&#8243;]<\/p>\n<h2 style=\"text-align: center;\">Cr\u00e9ditos<\/h2>\n<p>[\/et_pb_text][\/et_pb_column][\/et_pb_row][et_pb_row _builder_version=\u00bb4.23.4&#8243; _module_preset=\u00bbdefault\u00bb max_width=\u00bb700px\u00bb max_width_tablet=\u00bb\u00bb max_width_phone=\u00bb\u00bb max_width_last_edited=\u00bbon|desktop\u00bb global_colors_info=\u00bb{}\u00bb][et_pb_column type=\u00bb4_4&#8243; _builder_version=\u00bb4.23.4&#8243; _module_preset=\u00bbdefault\u00bb global_colors_info=\u00bb{}\u00bb][et_pb_text _builder_version=\u00bb4.27.4&#8243; _module_preset=\u00bbdefault\u00bb hover_enabled=\u00bb0&#8243; global_colors_info=\u00bb{}\u00bb sticky_enabled=\u00bb0&#8243;]<\/p>\n<p><b>\u00a1Gracias a todos por vuestras aportaciones creativas a la p\u00e1gina web de 7 D\u00edas del Pedido!<\/b><\/p>\n<p>[\/et_pb_text][et_pb_text _builder_version=\u00bb4.27.4&#8243; _module_preset=\u00bbdefault\u00bb header_3_font=\u00bb|600|||||||\u00bb header_3_font_size=\u00bb21px\u00bb hover_enabled=\u00bb0&#8243; global_colors_info=\u00bb{}\u00bb sticky_enabled=\u00bb0&#8243;]<\/p>\n<h3>Sitio Web<\/h3>\n<p>[\/et_pb_text][et_pb_text _builder_version=\u00bb4.27.4&#8243; _module_preset=\u00bbdefault\u00bb custom_padding=\u00bb|||20px|false|false\u00bb hover_enabled=\u00bb0&#8243; global_colors_info=\u00bb{}\u00bb sticky_enabled=\u00bb0&#8243;]<\/p>\n<ul>\n<li><strong>Nando Alvarez<\/strong> \u2013 Dise\u00f1o de la p\u00e1gina web<\/li>\n<li><strong>Tam\u00e1s Csefk\u00f3<\/strong> \u2013 Desarrollo web (programaci\u00f3n)<\/li>\n<li><strong>Juan Eduardo Perez<\/strong> \u2013 M\u00fasica para los audios diarios<\/li>\n<li><strong>Trudi Richards<\/strong> \u2013 Edici\u00f3n<\/li>\n<li><strong>Rafael Edwards<\/strong> \u2013 Logo<\/li>\n<li><strong>William Tip\u00e1n<\/strong> \u2013 Ingenier\u00eda de sonido<\/li>\n<li><strong>Victor Valencia<\/strong> \u2013 Narraci\u00f3n de las Meditaciones guiadas<\/li>\n<li><strong>Jorge Pedroso<\/strong> \u2013 Foto de portada<\/li>\n<\/ul>\n<p>[\/et_pb_text][et_pb_text _builder_version=\u00bb4.27.4&#8243; _module_preset=\u00bbdefault\u00bb header_3_font=\u00bb|600|||||||\u00bb header_3_font_size=\u00bb21px\u00bb hover_enabled=\u00bb0&#8243; global_colors_info=\u00bb{}\u00bb sticky_enabled=\u00bb0&#8243;]<\/p>\n<h3>Video<\/h3>\n<p>[\/et_pb_text][et_pb_text _builder_version=\u00bb4.27.4&#8243; _module_preset=\u00bbdefault\u00bb custom_padding=\u00bb|||20px|false|false\u00bb hover_enabled=\u00bb0&#8243; global_colors_info=\u00bb{}\u00bb sticky_enabled=\u00bb0&#8243;]<\/p>\n<ul>\n<li><strong>Thanh Hoang<\/strong> \u2013 Direcci\u00f3n y producci\u00f3n de video<\/li>\n<li><strong>Rafael Edwards<\/strong> \u2013 Direcci\u00f3n art\u00edstica<\/li>\n<li><strong>Chris Wells<\/strong> \u2013 Narraci\u00f3n<\/li>\n<li><strong>Roxane Wells<\/strong> \u2013 Narraci\u00f3n<\/li>\n<li><strong>Laura Feldeguer<\/strong> \u2013 Fotograf\u00eda<\/li>\n<li><strong>Rodrigo Carvajal<\/strong> \u2013 M\u00fasica para las meditaciones guiadas<\/li>\n<li><strong>Video:<\/strong> El Regalo del Pedido<\/li>\n<li><strong>Florent Delaunay<\/strong> \u2013 M\u00fasica<\/li>\n<\/ul>\n<p>[\/et_pb_text][\/et_pb_column][\/et_pb_row][\/et_pb_section]<\/p>\n","protected":false},"excerpt":{"rendered":"<p>Cr\u00e9ditos\u00a1Gracias a todos por vuestras aportaciones creativas a la p\u00e1gina web de 7 D\u00edas del Pedido!Sitio Web Nando Alvarez \u2013 Dise\u00f1o de la p\u00e1gina web Tam\u00e1s Csefk\u00f3 \u2013 Desarrollo web (programaci\u00f3n) Juan Eduardo Perez \u2013 M\u00fasica para los audios diarios Trudi Richards \u2013 Edici\u00f3n Rafael Edwards \u2013 Logo William Tip\u00e1n \u2013 Ingenier\u00eda de sonido Victor Valencia \u2013 Narraci\u00f3n de las Meditaciones guiadas Jorge Pedroso \u2013 Foto de portada Video Thanh Hoang \u2013 Direcci\u00f3n y producci\u00f3n de video Rafael Edwards \u2013 Direcci\u00f3n art\u00edstica Chris Wells \u2013 Narraci\u00f3n Roxane Wells \u2013 Narraci\u00f3n Laura Feldeguer \u2013 Fotograf\u00eda Rodrigo Carvajal \u2013 M\u00fasica para las meditaciones guiadas Video: El Regalo del Pedido Florent Delaunay \u2013 M\u00fasica<\/p>\n","protected":false},"author":1,"featured_media":0,"parent":0,"menu_order":0,"comment_status":"closed","ping_status":"closed","template":"","meta":{"_et_pb_use_builder":"on","_et_pb_old_content":"","_et_gb_content_width":"","footnotes":""},"class_list":["post-49","page","type-page","status-publish","hentry"],"yoast_head":"<!-- This site is optimized with the Yoast SEO plugin v27.4 - https:\/\/yoast.com\/product\/yoast-seo-wordpress\/ -->\n<title>Creditos - El Pedido<\/title>\n<meta name=\"robots\" content=\"index, follow, max-snippet:-1, max-image-preview:large, max-video-preview:-1\" \/>\n<link rel=\"canonical\" href=\"https:\/\/pedido.org\/_web\/creditos\/\" \/>\n<meta property=\"og:locale\" content=\"es_ES\" \/>\n<meta property=\"og:type\" content=\"article\" \/>\n<meta property=\"og:title\" content=\"Creditos - El Pedido\" \/>\n<meta property=\"og:description\" content=\"Cr\u00e9ditos\u00a1Gracias a todos por vuestras aportaciones creativas a la p\u00e1gina web de 7 D\u00edas del Pedido!Sitio Web Nando Alvarez \u2013 Dise\u00f1o de la p\u00e1gina web Tam\u00e1s Csefk\u00f3 \u2013 Desarrollo web (programaci\u00f3n) Juan Eduardo Perez \u2013 M\u00fasica para los audios diarios Trudi Richards \u2013 Edici\u00f3n Rafael Edwards \u2013 Logo William Tip\u00e1n \u2013 Ingenier\u00eda de sonido Victor Valencia \u2013 Narraci\u00f3n de las Meditaciones guiadas Jorge Pedroso \u2013 Foto de portada Video Thanh Hoang \u2013 Direcci\u00f3n y producci\u00f3n de video Rafael Edwards \u2013 Direcci\u00f3n art\u00edstica Chris Wells \u2013 Narraci\u00f3n Roxane Wells \u2013 Narraci\u00f3n Laura Feldeguer \u2013 Fotograf\u00eda Rodrigo Carvajal \u2013 M\u00fasica para las meditaciones guiadas Video: El Regalo del Pedido Florent Delaunay \u2013 M\u00fasica\" \/>\n<meta property=\"og:url\" content=\"https:\/\/pedido.org\/_web\/creditos\/\" \/>\n<meta property=\"og:site_name\" content=\"El Pedido\" \/>\n<meta property=\"article:modified_time\" content=\"2025-01-27T00:08:45+00:00\" \/>\n<meta name=\"twitter:card\" content=\"summary_large_image\" \/>\n<meta name=\"twitter:label1\" content=\"Tiempo de lectura\" \/>\n\t<meta name=\"twitter:data1\" content=\"2 minutos\" \/>\n<script type=\"application\/ld+json\" class=\"yoast-schema-graph\">{\"@context\":\"https:\\\/\\\/schema.org\",\"@graph\":[{\"@type\":\"WebPage\",\"@id\":\"https:\\\/\\\/pedido.org\\\/_web\\\/creditos\\\/\",\"url\":\"https:\\\/\\\/pedido.org\\\/_web\\\/creditos\\\/\",\"name\":\"Creditos - El Pedido\",\"isPartOf\":{\"@id\":\"https:\\\/\\\/pedido.org\\\/_web\\\/#website\"},\"datePublished\":\"2023-11-30T19:49:58+00:00\",\"dateModified\":\"2025-01-27T00:08:45+00:00\",\"breadcrumb\":{\"@id\":\"https:\\\/\\\/pedido.org\\\/_web\\\/creditos\\\/#breadcrumb\"},\"inLanguage\":\"es\",\"potentialAction\":[{\"@type\":\"ReadAction\",\"target\":[\"https:\\\/\\\/pedido.org\\\/_web\\\/creditos\\\/\"]}]},{\"@type\":\"BreadcrumbList\",\"@id\":\"https:\\\/\\\/pedido.org\\\/_web\\\/creditos\\\/#breadcrumb\",\"itemListElement\":[{\"@type\":\"ListItem\",\"position\":1,\"name\":\"Portada\",\"item\":\"https:\\\/\\\/pedido.org\\\/_web\\\/\"},{\"@type\":\"ListItem\",\"position\":2,\"name\":\"Creditos\"}]},{\"@type\":\"WebSite\",\"@id\":\"https:\\\/\\\/pedido.org\\\/_web\\\/#website\",\"url\":\"https:\\\/\\\/pedido.org\\\/_web\\\/\",\"name\":\"El Pedido\",\"description\":\"7 D\u00edas Del Pedido\",\"potentialAction\":[{\"@type\":\"SearchAction\",\"target\":{\"@type\":\"EntryPoint\",\"urlTemplate\":\"https:\\\/\\\/pedido.org\\\/_web\\\/?s={search_term_string}\"},\"query-input\":{\"@type\":\"PropertyValueSpecification\",\"valueRequired\":true,\"valueName\":\"search_term_string\"}}],\"inLanguage\":\"es\"}]}<\/script>\n<!-- \/ Yoast SEO plugin. -->","yoast_head_json":{"title":"Creditos - El Pedido","robots":{"index":"index","follow":"follow","max-snippet":"max-snippet:-1","max-image-preview":"max-image-preview:large","max-video-preview":"max-video-preview:-1"},"canonical":"https:\/\/pedido.org\/_web\/creditos\/","og_locale":"es_ES","og_type":"article","og_title":"Creditos - El Pedido","og_description":"Cr\u00e9ditos\u00a1Gracias a todos por vuestras aportaciones creativas a la p\u00e1gina web de 7 D\u00edas del Pedido!Sitio Web Nando Alvarez \u2013 Dise\u00f1o de la p\u00e1gina web Tam\u00e1s Csefk\u00f3 \u2013 Desarrollo web (programaci\u00f3n) Juan Eduardo Perez \u2013 M\u00fasica para los audios diarios Trudi Richards \u2013 Edici\u00f3n Rafael Edwards \u2013 Logo William Tip\u00e1n \u2013 Ingenier\u00eda de sonido Victor Valencia \u2013 Narraci\u00f3n de las Meditaciones guiadas Jorge Pedroso \u2013 Foto de portada Video Thanh Hoang \u2013 Direcci\u00f3n y producci\u00f3n de video Rafael Edwards \u2013 Direcci\u00f3n art\u00edstica Chris Wells \u2013 Narraci\u00f3n Roxane Wells \u2013 Narraci\u00f3n Laura Feldeguer \u2013 Fotograf\u00eda Rodrigo Carvajal \u2013 M\u00fasica para las meditaciones guiadas Video: El Regalo del Pedido Florent Delaunay \u2013 M\u00fasica","og_url":"https:\/\/pedido.org\/_web\/creditos\/","og_site_name":"El Pedido","article_modified_time":"2025-01-27T00:08:45+00:00","twitter_card":"summary_large_image","twitter_misc":{"Tiempo de lectura":"2 minutos"},"schema":{"@context":"https:\/\/schema.org","@graph":[{"@type":"WebPage","@id":"https:\/\/pedido.org\/_web\/creditos\/","url":"https:\/\/pedido.org\/_web\/creditos\/","name":"Creditos - El Pedido","isPartOf":{"@id":"https:\/\/pedido.org\/_web\/#website"},"datePublished":"2023-11-30T19:49:58+00:00","dateModified":"2025-01-27T00:08:45+00:00","breadcrumb":{"@id":"https:\/\/pedido.org\/_web\/creditos\/#breadcrumb"},"inLanguage":"es","potentialAction":[{"@type":"ReadAction","target":["https:\/\/pedido.org\/_web\/creditos\/"]}]},{"@type":"BreadcrumbList","@id":"https:\/\/pedido.org\/_web\/creditos\/#breadcrumb","itemListElement":[{"@type":"ListItem","position":1,"name":"Portada","item":"https:\/\/pedido.org\/_web\/"},{"@type":"ListItem","position":2,"name":"Creditos"}]},{"@type":"WebSite","@id":"https:\/\/pedido.org\/_web\/#website","url":"https:\/\/pedido.org\/_web\/","name":"El Pedido","description":"7 D\u00edas Del Pedido","potentialAction":[{"@type":"SearchAction","target":{"@type":"EntryPoint","urlTemplate":"https:\/\/pedido.org\/_web\/?s={search_term_string}"},"query-input":{"@type":"PropertyValueSpecification","valueRequired":true,"valueName":"search_term_string"}}],"inLanguage":"es"}]}},"_links":{"self":[{"href":"https:\/\/pedido.org\/_web\/wp-json\/wp\/v2\/pages\/49","targetHints":{"allow":["GET"]}}],"collection":[{"href":"https:\/\/pedido.org\/_web\/wp-json\/wp\/v2\/pages"}],"about":[{"href":"https:\/\/pedido.org\/_web\/wp-json\/wp\/v2\/types\/page"}],"author":[{"embeddable":true,"href":"https:\/\/pedido.org\/_web\/wp-json\/wp\/v2\/users\/1"}],"replies":[{"embeddable":true,"href":"https:\/\/pedido.org\/_web\/wp-json\/wp\/v2\/comments?post=49"}],"version-history":[{"count":15,"href":"https:\/\/pedido.org\/_web\/wp-json\/wp\/v2\/pages\/49\/revisions"}],"predecessor-version":[{"id":1466,"href":"https:\/\/pedido.org\/_web\/wp-json\/wp\/v2\/pages\/49\/revisions\/1466"}],"wp:attachment":[{"href":"https:\/\/pedido.org\/_web\/wp-json\/wp\/v2\/media?parent=49"}],"curies":[{"name":"wp","href":"https:\/\/api.w.org\/{rel}","templated":true}]}}