{"id":47,"date":"2023-11-30T19:49:45","date_gmt":"2023-11-30T19:49:45","guid":{"rendered":"http:\/\/localhost\/pedido\/?page_id=47"},"modified":"2025-01-26T21:04:54","modified_gmt":"2025-01-27T02:04:54","slug":"recursos","status":"publish","type":"page","link":"https:\/\/pedido.org\/_web\/recursos\/","title":{"rendered":"recursos"},"content":{"rendered":"<p>[et_pb_section fb_built=\u00bb1&#8243; admin_label=\u00bbSection animation\u00bb _builder_version=\u00bb4.23.4&#8243; _module_preset=\u00bbdefault\u00bb animation_style=\u00bbslide\u00bb animation_direction=\u00bbright\u00bb da_disable_devices=\u00bboff|off|off\u00bb global_colors_info=\u00bb{}\u00bb da_is_popup=\u00bboff\u00bb da_exit_intent=\u00bboff\u00bb da_has_close=\u00bbon\u00bb da_alt_close=\u00bboff\u00bb da_dark_close=\u00bboff\u00bb da_not_modal=\u00bbon\u00bb da_is_singular=\u00bboff\u00bb da_with_loader=\u00bboff\u00bb da_has_shadow=\u00bbon\u00bb][et_pb_row _builder_version=\u00bb4.23.4&#8243; _module_preset=\u00bbdefault\u00bb global_colors_info=\u00bb{}\u00bb][et_pb_column type=\u00bb4_4&#8243; _builder_version=\u00bb4.23.4&#8243; _module_preset=\u00bbdefault\u00bb global_colors_info=\u00bb{}\u00bb][et_pb_text _builder_version=\u00bb4.27.4&#8243; _module_preset=\u00bbdefault\u00bb hover_enabled=\u00bb0&#8243; global_colors_info=\u00bb{}\u00bb sticky_enabled=\u00bb0&#8243;]<\/p>\n<h2>Recursos<\/h2>\n<p>[\/et_pb_text][\/et_pb_column][\/et_pb_row][et_pb_row _builder_version=\u00bb4.23.4&#8243; _module_preset=\u00bbdefault\u00bb global_colors_info=\u00bb{}\u00bb][et_pb_column type=\u00bb4_4&#8243; _builder_version=\u00bb4.23.4&#8243; _module_preset=\u00bbdefault\u00bb global_colors_info=\u00bb{}\u00bb][et_pb_video src=\u00bbhttps:\/\/www.youtube.com\/watch?v=-cSojW7y6wo\u00bb _builder_version=\u00bb4.27.4&#8243; _module_preset=\u00bbdefault\u00bb max_width=\u00bb50%\u00bb max_width_tablet=\u00bb50%\u00bb max_width_phone=\u00bb50%\u00bb max_width_last_edited=\u00bbon|desktop\u00bb hover_enabled=\u00bb0&#8243; global_colors_info=\u00bb{}\u00bb sticky_enabled=\u00bb0&#8243;][\/et_pb_video][et_pb_text _builder_version=\u00bb4.27.4&#8243; _module_preset=\u00bbdefault\u00bb link_option_url_new_window=\u00bbon\u00bb hover_enabled=\u00bb0&#8243; global_colors_info=\u00bb{}\u00bb sticky_enabled=\u00bb0&#8243;]<\/p>\n<p><strong>Fichier <\/strong><strong>PDF<\/strong> : <a href=\"https:\/\/pedido.org\/_web\/wp-content\/uploads\/2024\/07\/Silo-Le-cadeau-de-la-Demande.pdf\" target=\"_blank\" rel=\"noopener\">Silo \u2013 El Regalo Del Pedido<\/a> (Mai 2005)<\/p>\n<p>[\/et_pb_text][\/et_pb_column][\/et_pb_row][et_pb_row column_structure=\u00bb1_2,1_2&#8243; use_custom_gutter=\u00bbon\u00bb gutter_width=\u00bb2&#8243; _builder_version=\u00bb4.23.4&#8243; _module_preset=\u00bbdefault\u00bb global_colors_info=\u00bb{}\u00bb][et_pb_column type=\u00bb1_2&#8243; _builder_version=\u00bb4.23.4&#8243; _module_preset=\u00bbdefault\u00bb global_colors_info=\u00bb{}\u00bb][et_pb_text _builder_version=\u00bb4.25.1&#8243; _module_preset=\u00bbdefault\u00bb global_colors_info=\u00bb{}\u00bb]<\/p>\n<p><strong>Jour Z\u00e9ro<\/strong><br \/><a href=\"https:\/\/pedido.org\/_web\/wp-content\/uploads\/2024\/05\/j0_vl_version_longue.mp3\" target=\"_blank\" rel=\"noopener\">M\u00e9ditation guid\u00e9e Jour 0 version longue<\/a><br \/><a href=\"https:\/\/pedido.org\/_web\/wp-content\/uploads\/2024\/05\/j0_vc_version_courte.mp3\" target=\"_blank\" rel=\"noopener\">M\u00e9ditation guid\u00e9e Jour 0 version courte<\/a><\/p>\n<p><strong>Jour 1<\/strong><br \/><a href=\"https:\/\/pedido.org\/_web\/wp-content\/uploads\/2024\/05\/j1_vl.mp3\" target=\"_blank\" rel=\"noopener\">M\u00e9ditation guid\u00e9e Jour 1 version longue<\/a><br \/><a href=\"https:\/\/pedido.org\/_web\/wp-content\/uploads\/2024\/05\/j1_vc.mp3\" target=\"_blank\" rel=\"noopener\">M\u00e9ditation guid\u00e9e Jour 1 version courte<\/a><\/p>\n<p><strong>Jour 2<\/strong><br \/><a href=\"https:\/\/pedido.org\/_web\/wp-content\/uploads\/2024\/05\/j2_vl.mp3\" target=\"_blank\" rel=\"noopener\">M\u00e9ditation guid\u00e9e Jour 2 version longue<\/a><br \/><a href=\"https:\/\/pedido.org\/_web\/wp-content\/uploads\/2024\/05\/j2_vc.mp3\" target=\"_blank\" rel=\"noopener\">M\u00e9ditation guid\u00e9e Jour 2 version courte<\/a><\/p>\n<p><strong>Jour 3<\/strong><br \/><a href=\"https:\/\/pedido.org\/_web\/wp-content\/uploads\/2024\/05\/j3_vl.mp3\" target=\"_blank\" rel=\"noopener\">M\u00e9ditation guid\u00e9e Jour 3 version longue<\/a><br \/><a href=\"https:\/\/pedido.org\/_web\/wp-content\/uploads\/2024\/05\/j3_vc.mp3\" target=\"_blank\" rel=\"noopener\">M\u00e9ditation guid\u00e9e Jour 3 version courte<\/a><\/p>\n<p>[\/et_pb_text][\/et_pb_column][et_pb_column type=\u00bb1_2&#8243; _builder_version=\u00bb4.23.4&#8243; _module_preset=\u00bbdefault\u00bb global_colors_info=\u00bb{}\u00bb][et_pb_text _builder_version=\u00bb4.25.1&#8243; _module_preset=\u00bbdefault\u00bb global_colors_info=\u00bb{}\u00bb]<\/p>\n<p><strong>Jour 4<\/strong><br \/><a href=\"https:\/\/pedido.org\/_web\/wp-content\/uploads\/2024\/05\/j4_vl.mp3\" target=\"_blank\" rel=\"noopener\">M\u00e9ditation guid\u00e9e Jour 4 version longue<\/a><br \/><a href=\"https:\/\/pedido.org\/_web\/wp-content\/uploads\/2024\/05\/j4_vc.mp3\" target=\"_blank\" rel=\"noopener\">M\u00e9ditation guid\u00e9e Jour 4 version courte<\/a><\/p>\n<p><strong>Jour 5<\/strong><br \/><a href=\"https:\/\/pedido.org\/_web\/wp-content\/uploads\/2024\/05\/j5_vl.mp3\" target=\"_blank\" rel=\"noopener\">M\u00e9ditation guid\u00e9e Jour 5 version longue<\/a><br \/><a href=\"https:\/\/pedido.org\/_web\/wp-content\/uploads\/2024\/05\/j5_vc.mp3\" target=\"_blank\" rel=\"noopener\">M\u00e9ditation guid\u00e9e Jour 5 version courte<\/a><\/p>\n<p><strong>Jour 6<\/strong><br \/><a href=\"https:\/\/pedido.org\/_web\/wp-content\/uploads\/2024\/05\/j6_vl.mp3\" target=\"_blank\" rel=\"noopener\">M\u00e9ditation guid\u00e9e Jour 6 version longue<\/a><br \/><a href=\"https:\/\/pedido.org\/_web\/wp-content\/uploads\/2024\/05\/j6_vc.mp3\" target=\"_blank\" rel=\"noopener\">M\u00e9ditation guid\u00e9e Jour 6 version courte<\/a><\/p>\n<p><strong>Jour 7<\/strong><br \/><a href=\"https:\/\/pedido.org\/_web\/wp-content\/uploads\/2024\/05\/j7_vl.mp3\" target=\"_blank\" rel=\"noopener\">M\u00e9ditation guid\u00e9e Jour 7 version longue<\/a><br \/><a href=\"https:\/\/pedido.org\/_web\/wp-content\/uploads\/2024\/05\/j7_vc.mp3\" target=\"_blank\" rel=\"noopener\">M\u00e9ditation guid\u00e9e Jour 7 version courte<\/a><\/p>\n<p>[\/et_pb_text][\/et_pb_column][\/et_pb_row][et_pb_row _builder_version=\u00bb4.23.4&#8243; _module_preset=\u00bbdefault\u00bb global_colors_info=\u00bb{}\u00bb][et_pb_column type=\u00bb4_4&#8243; _builder_version=\u00bb4.23.4&#8243; _module_preset=\u00bbdefault\u00bb global_colors_info=\u00bb{}\u00bb][et_pb_text _builder_version=\u00bb4.27.4&#8243; _dynamic_attributes=\u00bblink_option_url\u00bb _module_preset=\u00bbdefault\u00bb link_option_url=\u00bb@ET-DC@eyJkeW5hbWljIjp0cnVlLCJjb250ZW50IjoicG9zdF9saW5rX3VybF9hdHRhY2htZW50Iiwic2V0dGluZ3MiOnsicG9zdF9pZCI6IjgyMCJ9fQ==@\u00bb link_option_url_new_window=\u00bbon\u00bb hover_enabled=\u00bb0&#8243; global_colors_info=\u00bb{}\u00bb sticky_enabled=\u00bb0&#8243;]<\/p>\n<p><strong>Archivo PDF<\/strong> :<a href=\"http:\/\/silo.net\/system\/documents\/133\/original\/Mensaje_es.pdf\" target=\"_blank\" rel=\"noopener\">\u00abEl Mensaje De Silo \u00bb &#8211; Texto Completo<\/a><\/p>\n<p>[\/et_pb_text][\/et_pb_column][\/et_pb_row][et_pb_row _builder_version=\u00bb4.23.4&#8243; _module_preset=\u00bbdefault\u00bb global_colors_info=\u00bb{}\u00bb][et_pb_column type=\u00bb4_4&#8243; _builder_version=\u00bb4.23.4&#8243; _module_preset=\u00bbdefault\u00bb global_colors_info=\u00bb{}\u00bb][et_pb_text _builder_version=\u00bb4.27.4&#8243; _module_preset=\u00bbdefault\u00bb text_font=\u00bb|600|||||||\u00bb text_font_size=\u00bb20px\u00bb hover_enabled=\u00bb0&#8243; global_colors_info=\u00bb{}\u00bb sticky_enabled=\u00bb0&#8243;]<\/p>\n<p>Frases Inspiradoras<\/p>\n<p>[\/et_pb_text][et_pb_text _builder_version=\u00bb4.27.4&#8243; _module_preset=\u00bbdefault\u00bb hover_enabled=\u00bb0&#8243; global_colors_info=\u00bb{}\u00bb sticky_enabled=\u00bb0&#8243;]<\/p>\n<p>D\u00eda 1<br \/>Debes tener esto muy claro: no est\u00e1s en guerra contigo mismo. Comenzar\u00e1s a tratarte como un amigo con quien debes reconciliarte, porque fue la vida misma y la ignorancia lo que te separ\u00f3 de \u00e9l. (Silo, Humanizando la Tierra, IX. El paisaje interior, contradicci\u00f3n y unidad)<\/p>\n<p>D\u00eda 2<br \/>Lleva la paz dentro de ti y tr\u00e1ela a los dem\u00e1s. (Silo, La curaci\u00f3n del sufrimiento, 1969)<br \/>No imagines que est\u00e1s solo en tu pueblo, en tu ciudad, en la Tierra y en los mundos infinitos. (Silo, Mensaje de Silo, El Camino.)<\/p>\n<p>D\u00eda 3<br \/>Eliminar la contradicci\u00f3n de uno mismo es superar el odio, el resentimiento, el deseo de venganza. Eliminar la contradicci\u00f3n es cultivar el deseo de reconciliaci\u00f3n con los dem\u00e1s y con uno mismo. Eliminar la contradicci\u00f3n es perdonar y reparar el doble de cualquier da\u00f1o que hayamos podido infligir a otros. (Silo, Inauguraci\u00f3n del Parque de Estudio y Reflexi\u00f3n La Reja, Buenos Aires, 7 de mayo de 2005)<\/p>\n<p>D\u00eda 4<br \/>Cuando encuentres una gran fuerza, una gran alegr\u00eda y una gran bondad en tu coraz\u00f3n, o cuando te sientas libre y sin contradicciones, da inmediatamente gracias dentro de ti. Cuando te suceda lo contrario, pide con fe y la gratitud que has acumulado regresar\u00e1 a ti transformada y amplificada en beneficios. (Silo, el Mensaje de Silo, la Mirada Interior, los Principios).<\/p>\n<p>D\u00eda 5<br \/>Cuando llegamos a comprender que no es un enemigo el que vive dentro de nosotros, sino un ser lleno de esperanzas y fracasos, un ser en el que vemos, en una corta sucesi\u00f3n de im\u00e1genes, bellos momentos de plenitud y momentos de frustraci\u00f3n y resentimiento; Cuando logramos comprender que nuestro enemigo es un ser que tambi\u00e9n ha experimentado esperanzas y fracasos, un ser en el que ha habido bellos momentos de plenitud y momentos de frustraci\u00f3n y resentimiento, entonces echamos una mirada humanizadora a la piel de la monstruosidad. (Silo &#8211; D\u00edas de Inspiraci\u00f3n, Punta de Vacas, 5 de mayo de 2007)<\/p>\n<p>D\u00eda 6<br \/>Los actos contradictorios o unitivos se acumulan en ti. Si repites tus actos de unidad interior, nada podr\u00e1 detenerte. (Silo, el Mensaje de Silo, la Mirada Interior, los Principios).<br \/>\u00a1Ama la realidad que construyes y ni siquiera la muerte detendr\u00e1 tu vuelo! (Silo, Humanizar la Tierra, El paisaje interior, VII. Dolor, sufrimiento y sentido de la vida)<\/p>\n<p>D\u00eda 7<br \/>Recuerda los mejores momentos de tu vida y comprender\u00e1s que siempre han estado relacionados con un regalo desprendido. (Silo, Humanizando la Tierra, El Paisaje Interior, Dar y Recibir)<\/p>\n<p>[\/et_pb_text][\/et_pb_column][\/et_pb_row][et_pb_row _builder_version=\u00bb4.23.4&#8243; _module_preset=\u00bbdefault\u00bb global_colors_info=\u00bb{}\u00bb][et_pb_column type=\u00bb4_4&#8243; _builder_version=\u00bb4.23.4&#8243; _module_preset=\u00bbdefault\u00bb global_colors_info=\u00bb{}\u00bb][et_pb_text _builder_version=\u00bb4.27.4&#8243; _module_preset=\u00bbdefault\u00bb hover_enabled=\u00bb0&#8243; global_colors_info=\u00bb{}\u00bb sticky_enabled=\u00bb0&#8243;]<\/p>\n<p>Si tiene alguna pregunta, no dude en <a href=\"https:\/\/pedido.org\/_web\/contacto\/\">contactarnos<\/a>.<\/p>\n<p>[\/et_pb_text][\/et_pb_column][\/et_pb_row][\/et_pb_section]<\/p>\n","protected":false},"excerpt":{"rendered":"<p>RecursosFichier PDF : Silo \u2013 El Regalo Del Pedido (Mai 2005)Jour Z\u00e9roM\u00e9ditation guid\u00e9e Jour 0 version longueM\u00e9ditation guid\u00e9e Jour 0 version courte Jour 1M\u00e9ditation guid\u00e9e Jour 1 version longueM\u00e9ditation guid\u00e9e Jour 1 version courte Jour 2M\u00e9ditation guid\u00e9e Jour 2 version longueM\u00e9ditation guid\u00e9e Jour 2 version courte Jour 3M\u00e9ditation guid\u00e9e Jour 3 version longueM\u00e9ditation guid\u00e9e Jour 3 version courteJour 4M\u00e9ditation guid\u00e9e Jour 4 version longueM\u00e9ditation guid\u00e9e Jour 4 version courte Jour 5M\u00e9ditation guid\u00e9e Jour 5 version longueM\u00e9ditation guid\u00e9e Jour 5 version courte Jour 6M\u00e9ditation guid\u00e9e Jour 6 version longueM\u00e9ditation guid\u00e9e Jour 6 version courte Jour 7M\u00e9ditation guid\u00e9e Jour 7 version longueM\u00e9ditation guid\u00e9e Jour 7 version courteArchivo PDF :\u00bbEl Mensaje De Silo \u00bb &#8211; Texto CompletoFrases InspiradorasD\u00eda 1Debes tener esto muy claro: no est\u00e1s en guerra contigo mismo. Comenzar\u00e1s a tratarte como un amigo con quien debes reconciliarte, porque fue la vida misma y la ignorancia lo que te separ\u00f3 de \u00e9l. (Silo, Humanizando la Tierra, IX. El paisaje interior, contradicci\u00f3n y unidad) D\u00eda 2Lleva la paz dentro de ti y tr\u00e1ela a los dem\u00e1s. (Silo, La curaci\u00f3n del sufrimiento, 1969)No imagines que est\u00e1s solo en tu pueblo, en tu ciudad, en la Tierra y en los mundos infinitos. (Silo, Mensaje de [&hellip;]<\/p>\n","protected":false},"author":1,"featured_media":0,"parent":0,"menu_order":0,"comment_status":"closed","ping_status":"closed","template":"","meta":{"_et_pb_use_builder":"on","_et_pb_old_content":"","_et_gb_content_width":"","footnotes":""},"class_list":["post-47","page","type-page","status-publish","hentry"],"yoast_head":"<!-- This site is optimized with the Yoast SEO plugin v27.4 - https:\/\/yoast.com\/product\/yoast-seo-wordpress\/ -->\n<title>recursos - El Pedido<\/title>\n<meta name=\"robots\" content=\"index, follow, max-snippet:-1, max-image-preview:large, max-video-preview:-1\" \/>\n<link rel=\"canonical\" href=\"https:\/\/pedido.org\/_web\/recursos\/\" \/>\n<meta property=\"og:locale\" content=\"es_ES\" \/>\n<meta property=\"og:type\" content=\"article\" \/>\n<meta property=\"og:title\" content=\"recursos - El Pedido\" \/>\n<meta property=\"og:description\" content=\"RecursosFichier PDF : Silo \u2013 El Regalo Del Pedido (Mai 2005)Jour Z\u00e9roM\u00e9ditation guid\u00e9e Jour 0 version longueM\u00e9ditation guid\u00e9e Jour 0 version courte Jour 1M\u00e9ditation guid\u00e9e Jour 1 version longueM\u00e9ditation guid\u00e9e Jour 1 version courte Jour 2M\u00e9ditation guid\u00e9e Jour 2 version longueM\u00e9ditation guid\u00e9e Jour 2 version courte Jour 3M\u00e9ditation guid\u00e9e Jour 3 version longueM\u00e9ditation guid\u00e9e Jour 3 version courteJour 4M\u00e9ditation guid\u00e9e Jour 4 version longueM\u00e9ditation guid\u00e9e Jour 4 version courte Jour 5M\u00e9ditation guid\u00e9e Jour 5 version longueM\u00e9ditation guid\u00e9e Jour 5 version courte Jour 6M\u00e9ditation guid\u00e9e Jour 6 version longueM\u00e9ditation guid\u00e9e Jour 6 version courte Jour 7M\u00e9ditation guid\u00e9e Jour 7 version longueM\u00e9ditation guid\u00e9e Jour 7 version courteArchivo PDF :&quot;El Mensaje De Silo &quot; - Texto CompletoFrases InspiradorasD\u00eda 1Debes tener esto muy claro: no est\u00e1s en guerra contigo mismo. Comenzar\u00e1s a tratarte como un amigo con quien debes reconciliarte, porque fue la vida misma y la ignorancia lo que te separ\u00f3 de \u00e9l. (Silo, Humanizando la Tierra, IX. El paisaje interior, contradicci\u00f3n y unidad) D\u00eda 2Lleva la paz dentro de ti y tr\u00e1ela a los dem\u00e1s. (Silo, La curaci\u00f3n del sufrimiento, 1969)No imagines que est\u00e1s solo en tu pueblo, en tu ciudad, en la Tierra y en los mundos infinitos. (Silo, Mensaje de [&hellip;]\" \/>\n<meta property=\"og:url\" content=\"https:\/\/pedido.org\/_web\/recursos\/\" \/>\n<meta property=\"og:site_name\" content=\"El Pedido\" \/>\n<meta property=\"article:modified_time\" content=\"2025-01-27T02:04:54+00:00\" \/>\n<meta name=\"twitter:card\" content=\"summary_large_image\" \/>\n<meta name=\"twitter:label1\" content=\"Tiempo de lectura\" \/>\n\t<meta name=\"twitter:data1\" content=\"5 minutos\" \/>\n<script type=\"application\/ld+json\" class=\"yoast-schema-graph\">{\"@context\":\"https:\\\/\\\/schema.org\",\"@graph\":[{\"@type\":\"WebPage\",\"@id\":\"https:\\\/\\\/pedido.org\\\/_web\\\/recursos\\\/\",\"url\":\"https:\\\/\\\/pedido.org\\\/_web\\\/recursos\\\/\",\"name\":\"recursos - El Pedido\",\"isPartOf\":{\"@id\":\"https:\\\/\\\/pedido.org\\\/_web\\\/#website\"},\"datePublished\":\"2023-11-30T19:49:45+00:00\",\"dateModified\":\"2025-01-27T02:04:54+00:00\",\"breadcrumb\":{\"@id\":\"https:\\\/\\\/pedido.org\\\/_web\\\/recursos\\\/#breadcrumb\"},\"inLanguage\":\"es\",\"potentialAction\":[{\"@type\":\"ReadAction\",\"target\":[\"https:\\\/\\\/pedido.org\\\/_web\\\/recursos\\\/\"]}]},{\"@type\":\"BreadcrumbList\",\"@id\":\"https:\\\/\\\/pedido.org\\\/_web\\\/recursos\\\/#breadcrumb\",\"itemListElement\":[{\"@type\":\"ListItem\",\"position\":1,\"name\":\"Portada\",\"item\":\"https:\\\/\\\/pedido.org\\\/_web\\\/\"},{\"@type\":\"ListItem\",\"position\":2,\"name\":\"recursos\"}]},{\"@type\":\"WebSite\",\"@id\":\"https:\\\/\\\/pedido.org\\\/_web\\\/#website\",\"url\":\"https:\\\/\\\/pedido.org\\\/_web\\\/\",\"name\":\"El Pedido\",\"description\":\"7 D\u00edas Del Pedido\",\"potentialAction\":[{\"@type\":\"SearchAction\",\"target\":{\"@type\":\"EntryPoint\",\"urlTemplate\":\"https:\\\/\\\/pedido.org\\\/_web\\\/?s={search_term_string}\"},\"query-input\":{\"@type\":\"PropertyValueSpecification\",\"valueRequired\":true,\"valueName\":\"search_term_string\"}}],\"inLanguage\":\"es\"}]}<\/script>\n<!-- \/ Yoast SEO plugin. -->","yoast_head_json":{"title":"recursos - El Pedido","robots":{"index":"index","follow":"follow","max-snippet":"max-snippet:-1","max-image-preview":"max-image-preview:large","max-video-preview":"max-video-preview:-1"},"canonical":"https:\/\/pedido.org\/_web\/recursos\/","og_locale":"es_ES","og_type":"article","og_title":"recursos - El Pedido","og_description":"RecursosFichier PDF : Silo \u2013 El Regalo Del Pedido (Mai 2005)Jour Z\u00e9roM\u00e9ditation guid\u00e9e Jour 0 version longueM\u00e9ditation guid\u00e9e Jour 0 version courte Jour 1M\u00e9ditation guid\u00e9e Jour 1 version longueM\u00e9ditation guid\u00e9e Jour 1 version courte Jour 2M\u00e9ditation guid\u00e9e Jour 2 version longueM\u00e9ditation guid\u00e9e Jour 2 version courte Jour 3M\u00e9ditation guid\u00e9e Jour 3 version longueM\u00e9ditation guid\u00e9e Jour 3 version courteJour 4M\u00e9ditation guid\u00e9e Jour 4 version longueM\u00e9ditation guid\u00e9e Jour 4 version courte Jour 5M\u00e9ditation guid\u00e9e Jour 5 version longueM\u00e9ditation guid\u00e9e Jour 5 version courte Jour 6M\u00e9ditation guid\u00e9e Jour 6 version longueM\u00e9ditation guid\u00e9e Jour 6 version courte Jour 7M\u00e9ditation guid\u00e9e Jour 7 version longueM\u00e9ditation guid\u00e9e Jour 7 version courteArchivo PDF :\"El Mensaje De Silo \" - Texto CompletoFrases InspiradorasD\u00eda 1Debes tener esto muy claro: no est\u00e1s en guerra contigo mismo. Comenzar\u00e1s a tratarte como un amigo con quien debes reconciliarte, porque fue la vida misma y la ignorancia lo que te separ\u00f3 de \u00e9l. (Silo, Humanizando la Tierra, IX. El paisaje interior, contradicci\u00f3n y unidad) D\u00eda 2Lleva la paz dentro de ti y tr\u00e1ela a los dem\u00e1s. (Silo, La curaci\u00f3n del sufrimiento, 1969)No imagines que est\u00e1s solo en tu pueblo, en tu ciudad, en la Tierra y en los mundos infinitos. (Silo, Mensaje de [&hellip;]","og_url":"https:\/\/pedido.org\/_web\/recursos\/","og_site_name":"El Pedido","article_modified_time":"2025-01-27T02:04:54+00:00","twitter_card":"summary_large_image","twitter_misc":{"Tiempo de lectura":"5 minutos"},"schema":{"@context":"https:\/\/schema.org","@graph":[{"@type":"WebPage","@id":"https:\/\/pedido.org\/_web\/recursos\/","url":"https:\/\/pedido.org\/_web\/recursos\/","name":"recursos - El Pedido","isPartOf":{"@id":"https:\/\/pedido.org\/_web\/#website"},"datePublished":"2023-11-30T19:49:45+00:00","dateModified":"2025-01-27T02:04:54+00:00","breadcrumb":{"@id":"https:\/\/pedido.org\/_web\/recursos\/#breadcrumb"},"inLanguage":"es","potentialAction":[{"@type":"ReadAction","target":["https:\/\/pedido.org\/_web\/recursos\/"]}]},{"@type":"BreadcrumbList","@id":"https:\/\/pedido.org\/_web\/recursos\/#breadcrumb","itemListElement":[{"@type":"ListItem","position":1,"name":"Portada","item":"https:\/\/pedido.org\/_web\/"},{"@type":"ListItem","position":2,"name":"recursos"}]},{"@type":"WebSite","@id":"https:\/\/pedido.org\/_web\/#website","url":"https:\/\/pedido.org\/_web\/","name":"El Pedido","description":"7 D\u00edas Del Pedido","potentialAction":[{"@type":"SearchAction","target":{"@type":"EntryPoint","urlTemplate":"https:\/\/pedido.org\/_web\/?s={search_term_string}"},"query-input":{"@type":"PropertyValueSpecification","valueRequired":true,"valueName":"search_term_string"}}],"inLanguage":"es"}]}},"_links":{"self":[{"href":"https:\/\/pedido.org\/_web\/wp-json\/wp\/v2\/pages\/47","targetHints":{"allow":["GET"]}}],"collection":[{"href":"https:\/\/pedido.org\/_web\/wp-json\/wp\/v2\/pages"}],"about":[{"href":"https:\/\/pedido.org\/_web\/wp-json\/wp\/v2\/types\/page"}],"author":[{"embeddable":true,"href":"https:\/\/pedido.org\/_web\/wp-json\/wp\/v2\/users\/1"}],"replies":[{"embeddable":true,"href":"https:\/\/pedido.org\/_web\/wp-json\/wp\/v2\/comments?post=47"}],"version-history":[{"count":32,"href":"https:\/\/pedido.org\/_web\/wp-json\/wp\/v2\/pages\/47\/revisions"}],"predecessor-version":[{"id":1472,"href":"https:\/\/pedido.org\/_web\/wp-json\/wp\/v2\/pages\/47\/revisions\/1472"}],"wp:attachment":[{"href":"https:\/\/pedido.org\/_web\/wp-json\/wp\/v2\/media?parent=47"}],"curies":[{"name":"wp","href":"https:\/\/api.w.org\/{rel}","templated":true}]}}