{"id":45,"date":"2023-11-30T19:49:33","date_gmt":"2023-11-30T19:49:33","guid":{"rendered":"http:\/\/localhost\/pedido\/?page_id=45"},"modified":"2025-01-26T17:15:42","modified_gmt":"2025-01-26T22:15:42","slug":"conclusiones","status":"publish","type":"page","link":"https:\/\/pedido.org\/_web\/conclusiones\/","title":{"rendered":"Conclusiones"},"content":{"rendered":"<p>[et_pb_section fb_built=\u00bb1&#8243; admin_label=\u00bbSection animation\u00bb _builder_version=\u00bb4.23.4&#8243; _module_preset=\u00bbdefault\u00bb animation_style=\u00bbslide\u00bb animation_direction=\u00bbright\u00bb da_disable_devices=\u00bboff|off|off\u00bb global_colors_info=\u00bb{}\u00bb da_is_popup=\u00bboff\u00bb da_exit_intent=\u00bboff\u00bb da_has_close=\u00bbon\u00bb da_alt_close=\u00bboff\u00bb da_dark_close=\u00bboff\u00bb da_not_modal=\u00bbon\u00bb da_is_singular=\u00bboff\u00bb da_with_loader=\u00bboff\u00bb da_has_shadow=\u00bbon\u00bb][et_pb_row make_equal=\u00bbon\u00bb _builder_version=\u00bb4.23.4&#8243; _module_preset=\u00bbdefault\u00bb max_width=\u00bb700px\u00bb max_width_tablet=\u00bb700px\u00bb max_width_phone=\u00bb700px\u00bb max_width_last_edited=\u00bbon|desktop\u00bb custom_css_main_element=\u00bbmargin:auto;\u00bb locked=\u00bboff\u00bb global_colors_info=\u00bb{}\u00bb][et_pb_column type=\u00bb4_4&#8243; _builder_version=\u00bb4.23.4&#8243; _module_preset=\u00bbdefault\u00bb global_colors_info=\u00bb{}\u00bb][et_pb_text _builder_version=\u00bb4.23.4&#8243; _module_preset=\u00bbdefault\u00bb text_font=\u00bb|600|||||||\u00bb text_text_color=\u00bb#516573&#8243; text_font_size=\u00bb3.8rem\u00bb text_line_height=\u00bb3.4rem\u00bb header_text_color=\u00bb#C7AF37&#8243; header_font_size=\u00bb49px\u00bb background_image=\u00bbhttps:\/\/pedido.org\/_web\/wp-content\/uploads\/2024\/01\/conclusions.png\u00bb background_size=\u00bbcontain\u00bb custom_margin=\u00bb||39px|||\u00bb custom_padding=\u00bb50px||50px||true|false\u00bb locked=\u00bboff\u00bb global_colors_info=\u00bb{}\u00bb]<\/p>\n<h1 style=\"text-align: center;\"><sub>\u00a0<\/sub>CONCLUSIONES<\/h1>\n<p>[\/et_pb_text][et_pb_text _builder_version=\u00bb4.27.4&#8243; _module_preset=\u00bbdefault\u00bb header_text_color=\u00bb#C7AF37&#8243; header_2_font=\u00bb||||||||\u00bb header_2_text_align=\u00bbcenter\u00bb header_2_text_color=\u00bb#8E9168&#8243; header_2_line_height=\u00bb1.2em\u00bb header_3_font_size=\u00bb21px\u00bb header_3_line_height=\u00bb1.5em\u00bb global_colors_info=\u00bb{}\u00bb]<\/p>\n<h2 style=\"text-align: center;\">Un repaso a tu semana<\/h2>\n<p>[\/et_pb_text][\/et_pb_column][\/et_pb_row][et_pb_row column_structure=\u00bb1_3,1_3,1_3&#8243; _builder_version=\u00bb4.27.4&#8243; _module_preset=\u00bbdefault\u00bb global_colors_info=\u00bb{}\u00bb theme_builder_area=\u00bbpost_content\u00bb][et_pb_column type=\u00bb1_3&#8243; _builder_version=\u00bb4.27.4&#8243; _module_preset=\u00bbdefault\u00bb global_colors_info=\u00bb{}\u00bb theme_builder_area=\u00bbpost_content\u00bb][\/et_pb_column][et_pb_column type=\u00bb1_3&#8243; admin_label=\u00bbcentral\u00bb _builder_version=\u00bb4.27.4&#8243; _module_preset=\u00bbdefault\u00bb background_color=\u00bb#e2e2e2&#8243; border_radii=\u00bbon|30px|30px|30px|30px\u00bb global_colors_info=\u00bb{}\u00bb theme_builder_area=\u00bbpost_content\u00bb][dsm_advanced_tabs dsm_tabs_layout=\u00bbvertical\u00bb dsm_tabs_trigger=\u00bbhover\u00bb dsm_show_arrow=\u00bboff\u00bb dsm_tabs_vertical_alignment=\u00bbtop\u00bb dsm_tabs_bg_color=\u00bb#e2e2e2&#8243; dsm_tabs_active_bg_color=\u00bb#e2e2e2&#8243; dsm_tabs_text_color=\u00bb#000000&#8243; dsm_tabs_active_text_color=\u00bb#000000&#8243; dsm_tabs_subtitle_color=\u00bb#000000&#8243; dsm_tabs_active_subtitle_color=\u00bb#000000&#8243; dsm_tabs_icon_color=\u00bbrgba(81,101,115,0.29)\u00bb dsm_tabs_active_icon_color=\u00bb#C7AF37&#8243; dsm_content_bg_color=\u00bbRGBA(255,255,255,0)\u00bb dsm_content_margin=\u00bb|||9px|false|false\u00bb dsm_tabs_image_icon_padding=\u00bb|5px|||false|false\u00bb dsm_tabs_wrapper_width=\u00bb100%\u00bb dsm_tabs_wrapper_bg_color=\u00bbrgba(102,102,102,0.03)\u00bb dsm_tabs_wrapper_alignment=\u00bbcenter\u00bb dsm_content_image_icon_alignment=\u00bbcenter\u00bb dsm_tabs_wrapper_padding_last_edited=\u00bboff|desktop\u00bb _builder_version=\u00bb4.27.4&#8243; _module_preset=\u00bbdefault\u00bb tab_title_font=\u00bb|600|||||||\u00bb tab_subtitle_font=\u00bb||on||||||\u00bb image_icon_custom_padding=\u00bb14px|15px|14px|15px|true|true\u00bb custom_margin=\u00bb||-89px|||\u00bb custom_padding=\u00bb21px||0px|||\u00bb hover_enabled=\u00bb0&#8243; border_radii_dsm_content_border=\u00bbon|20px|20px|20px|20px\u00bb border_width_all_dsm_content_border=\u00bb0px\u00bb locked=\u00bboff\u00bb global_colors_info=\u00bb{}\u00bb theme_builder_area=\u00bbpost_content\u00bb sticky_enabled=\u00bb0&#8243;][dsm_advanced_tabs_child dsm_title=\u00bbConclusiones\u00bb dsm_subtitle=\u00bbUn Repaso A Tu Semana\u00bb dsm_use_icon_image=\u00bbon\u00bb dsm_use_icon=\u00bbon\u00bb font_icon=\u00bb&#xf58f;||fa||900&#8243; dsm_use_icon_image_active=\u00bbon\u00bb dsm_use_icon_active=\u00bbon\u00bb font_icon_active=\u00bb&#xf58f;||fa||900&#8243; _builder_version=\u00bb4.27.4&#8243; _module_preset=\u00bbdefault\u00bb hover_enabled=\u00bb0&#8243; global_colors_info=\u00bb{}\u00bb theme_builder_area=\u00bbpost_content\u00bb parentOrderClass=\u00bbdsm_advanced_tabs_1&#8243; sticky_enabled=\u00bb0&#8243;][\/dsm_advanced_tabs_child][\/dsm_advanced_tabs][et_pb_audio audio=\u00bbhttps:\/\/pedido.org\/_web\/wp-content\/uploads\/2025\/01\/dia7_01_conclusiones.mp3&#8243; _builder_version=\u00bb4.27.4&#8243; _module_preset=\u00bbdefault\u00bb background_color=\u00bbRGBA(255,255,255,0)\u00bb background_layout=\u00bblight\u00bb custom_margin=\u00bb10px|10px|10px|10px|true|true\u00bb custom_padding=\u00bb20px|27px|31px|20px|false|false\u00bb hover_enabled=\u00bb0&#8243; border_radii=\u00bbon|30px|30px|30px|30px\u00bb global_colors_info=\u00bb{}\u00bb theme_builder_area=\u00bbpost_content\u00bb title_text=\u00bbdia7_01_conclusiones\u00bb sticky_enabled=\u00bb0&#8243;][\/et_pb_audio][\/et_pb_column][et_pb_column type=\u00bb1_3&#8243; _builder_version=\u00bb4.27.4&#8243; _module_preset=\u00bbdefault\u00bb global_colors_info=\u00bb{}\u00bb theme_builder_area=\u00bbpost_content\u00bb][\/et_pb_column][\/et_pb_row][et_pb_row _builder_version=\u00bb4.23.4&#8243; _module_preset=\u00bbdefault\u00bb max_width=\u00bb900px\u00bb max_width_tablet=\u00bb\u00bb max_width_phone=\u00bb\u00bb max_width_last_edited=\u00bbon|desktop\u00bb global_colors_info=\u00bb{}\u00bb][et_pb_column type=\u00bb4_4&#8243; _builder_version=\u00bb4.23.4&#8243; _module_preset=\u00bbdefault\u00bb global_colors_info=\u00bb{}\u00bb][et_pb_text _builder_version=\u00bb4.27.4&#8243; _module_preset=\u00bbdefault\u00bb global_colors_info=\u00bb{}\u00bb]<\/p>\n<p>Esperamos que hayas tenido muchas experiencias positivas y significativas haciendo el Programa de los 7 D\u00edas del Pedido, y que hayas aprendido cosas nuevas e importantes que te ayudar\u00e1n en todos los aspectos de tu vida.<\/p>\n<p>Al llegar al final del programa, demos un \u00faltimo paso y reflexionemos sobre lo que ha pasado. Todas tus experiencias en los 7 D\u00edas del Pedido son tuyas para guardarlas en tu coraz\u00f3n&#8230; pero, esperamos que al escribirlas, tengas un tesoro incalculable para referirte a ellas y aprender de ellas en el futuro.<\/p>\n<p>Es bueno recordar: esto no se trata de \u00e9xitos y fracasos, no es algo para juzgar, no es una prueba que se pasa o se falla. Es para ti mismo, para reflexionar sobre lo que has aprendido y as\u00ed poder crecer a partir de ello.<\/p>\n<p>Aqu\u00ed tienes algunas preguntas que pueden ayudarte a aclarar y resumir tus experiencias. Son s\u00f3lo sugerencias. Este es tu trabajo y debes sentirte libre de expresarlo y organizarlo como quieras. Las siguientes preguntas tambi\u00e9n aparecen en el texto de las Conclusiones.<\/p>\n<p>[\/et_pb_text][\/et_pb_column][\/et_pb_row][et_pb_row _builder_version=\u00bb4.23.4&#8243; _module_preset=\u00bbdefault\u00bb max_width=\u00bb900px\u00bb max_width_tablet=\u00bb\u00bb max_width_phone=\u00bb\u00bb max_width_last_edited=\u00bbon|desktop\u00bb global_colors_info=\u00bb{}\u00bb][et_pb_column type=\u00bb4_4&#8243; _builder_version=\u00bb4.23.4&#8243; _module_preset=\u00bbdefault\u00bb global_colors_info=\u00bb{}\u00bb][et_pb_text _builder_version=\u00bb4.27.4&#8243; _module_preset=\u00bbdefault\u00bb custom_css_free_form=\u00bbol {||  margin:0 0 1.5em;||  padding:0;||  counter-reset:item;||}|| ||ol>li {||  margin:0;||  padding:0 0 0 2em;||  list-style-type:none;||  counter-increment:item;||}||ol>li::before {||  display:inline-block;||  padding-right:0.5em;||  font-weight:bold;||  font-size: 20px;||  color:#c7af37;||  text-align:right;||  content:counter(item) %22.%22;||}\u00bb locked=\u00bboff\u00bb global_colors_info=\u00bb{}\u00bb]<\/p>\n<ol>\n<li>El inter\u00e9s que anotaste en el D\u00eda cero, \u00bfse cumpli\u00f3?<br \/>\n<hr \/>\n<\/li>\n<li>\u00bfQu\u00e9 D\u00eda fue el m\u00e1s significativo o impresionante para ti, y por qu\u00e9?<br \/>\n\u00bfQu\u00e9 D\u00eda fue el m\u00e1s problem\u00e1tico o desafiante para ti, y por qu\u00e9?<\/p>\n<hr \/>\n<\/li>\n<li>\u00bfCu\u00e1les fueron las dificultades que encontraste? (Por ejemplo: el tema del d\u00eda, la relajaci\u00f3n, la propia pr\u00e1ctica del Pedido o alguna otra cosa) \u00bfSentiste que resolviste esas dificultades o que necesitan m\u00e1s trabajo?<br \/>\n<hr \/>\n<\/li>\n<li>\u00bfCu\u00e1les fueron los descubrimientos positivos que hiciste? (Por ejemplo: \u00bfexperimentaste una conexi\u00f3n m\u00e1s profunda con tu coraz\u00f3n?, \u00bfobtuviste claridad sobre tus verdaderas necesidades?, \u00bftus Pedidos se cumplieron?, etc.)<br \/>\n<hr \/>\n<\/li>\n<li>\u00bfHubo alguna experiencia significativa que quieras recordar?<\/li>\n<\/ol>\n<p>[\/et_pb_text][\/et_pb_column][\/et_pb_row][\/et_pb_section][et_pb_section fb_built=\u00bb1&#8243; _builder_version=\u00bb4.25.1&#8243; _module_preset=\u00bbdefault\u00bb background_color=\u00bb#f5efda\u00bb da_disable_devices=\u00bboff|off|off\u00bb global_colors_info=\u00bb{}\u00bb da_is_popup=\u00bboff\u00bb da_exit_intent=\u00bboff\u00bb da_has_close=\u00bbon\u00bb da_alt_close=\u00bboff\u00bb da_dark_close=\u00bboff\u00bb da_not_modal=\u00bbon\u00bb da_is_singular=\u00bboff\u00bb da_with_loader=\u00bboff\u00bb da_has_shadow=\u00bbon\u00bb][et_pb_row _builder_version=\u00bb4.23.4&#8243; _module_preset=\u00bbdefault\u00bb max_width=\u00bb900px\u00bb max_width_tablet=\u00bb\u00bb max_width_phone=\u00bb\u00bb max_width_last_edited=\u00bbon|desktop\u00bb global_colors_info=\u00bb{}\u00bb][et_pb_column type=\u00bb4_4&#8243; _builder_version=\u00bb4.23.4&#8243; _module_preset=\u00bbdefault\u00bb global_colors_info=\u00bb{}\u00bb][et_pb_text _builder_version=\u00bb4.27.4&#8243; _module_preset=\u00bbdefault\u00bb global_colors_info=\u00bb{}\u00bb]<\/p>\n<p>Por \u00faltimo, agradecemos tu ayuda. Escribe tu experiencia en una o dos frases. Algo que te gustar\u00eda compartir con otros. Env\u00edanos a: <b><a href=\"mailto:elregalodelpedido@gmail.com?subject=Mi%20Experiencia%20De%207%20Dias%20Del%20Pedido\">elregalodelpedido@gmail.com<\/a><\/b><\/p>\n<p>Tambi\u00e9n te sugerimos (y esto es muy importante) que hagas el pedido diariamente. Puede hacerse brevemente y en cualquier tipo de situaci\u00f3n. A medida que desarrolles el Pedido a trav\u00e9s de su pr\u00e1ctica repetida, descubrir\u00e1s lo beneficioso que ser\u00e1 para toda tu vida.<\/p>\n<p>Adem\u00e1s, cuando quieras puedes volver a empezar los 7 D\u00edas del Pedido. Cada vez tendr\u00e1s una experiencia diferente, seg\u00fan tus necesidades y porque est\u00e1s profundizando en el Pedido. Y aprovecha nuestros programas de grupo (online) en l\u00ednea. Es un espacio amigable y reconfortante, donde uno puede abrirse, sentirse animado y aprender de los dem\u00e1s.<\/p>\n<p>Tu viaje hacia el autoconocimiento y la compasi\u00f3n por los dem\u00e1s no termina con el Programa de los 7 D\u00edas del Pedido. As\u00ed que echa un vistazo al <b><a href=\"https:\/\/pedido.org\/_web\/que-sigue\/\">Qu\u00e9 es lo siguiente<\/a><\/b> para descubrir c\u00f3mo puedes seguir construyendo este camino. All\u00ed encontrar\u00e1s varias opciones y formas de participar.<\/p>\n<p>Esperamos tener pronto noticias tuyas y por favor considera compartir esto con otros. Con toda la crisis a la que nos enfrentamos hoy en d\u00eda, sentimos que el Pedido podr\u00eda ser una herramienta imprescindible para que las personas lo tengan a su disposici\u00f3n.<\/p>\n<p>Y ahora, de todo coraz\u00f3n, te damos las gracias de parte de todo el equipo.<\/p>\n<p>[\/et_pb_text][et_pb_button button_url=\u00bbhttps:\/\/pedido.org\/_web\/que-sigue\/\u00bb button_text=\u00bb\u00bfQue Sigue?\u00bb button_alignment=\u00bbcenter\u00bb _builder_version=\u00bb4.27.4&#8243; _dynamic_attributes=\u00bbbutton_url\u00bb _module_preset=\u00bbdefault\u00bb custom_button=\u00bbon\u00bb button_text_color=\u00bb#F5EFDA\u00bb button_bg_color=\u00bb#43515C\u00bb button_border_width=\u00bb0px\u00bb button_border_radius=\u00bb30px\u00bb button_font=\u00bb|700|||||||\u00bb button_icon=\u00bb&#xf061;||fa||900&#8243; button_on_hover=\u00bboff\u00bb global_colors_info=\u00bb{}\u00bb][\/et_pb_button][\/et_pb_column][\/et_pb_row][\/et_pb_section]<\/p>\n","protected":false},"excerpt":{"rendered":"<p>\u00a0CONCLUSIONESUn repaso a tu semana<div class=\"et_pb_with_border et_pb_module dsm_advanced_tabs dsm_advanced_tabs_0\">\n\t\t\t\t\n\t\t\t\t\n\t\t\t\t\n\t\t\t\t\n\t\t\t\t\n\t\t\t\t\n\t\t\t\t<div class=\"et_pb_module_inner\">\n\t\t\t\t\t<div class=\"dsm-advanced-tabs-container\" data-trigger=\"hover\" data-animation=\"none\" data-inner_animation=\"none\" data-deep_link=\"off\" data-image_lightbox=\"off\" data-auto_scroll_mobile=\"off\" data-anchor_link=\"off\">\n\t\t\t\t    <div class=\"dsm-advanced-tabs-wrapper\" role=\"tablist\"><div id=\"dsm-tab-69ecd963b06bf \" class=\"dsm-tab dsm_advanced_tabs_child_0 dsm-tab-active-state\" role=\"tab\"  aria-selected=\"true\" aria-controls=\"dsm-panel-69ecd963b06bf\" tabindex=\"0\" data-tabId=\"69ecd963b06bf\">\n\t\t\t     <div class=\"dsm-icon-wrapper\"><span class=\"dsm_icon\">\uf58f<\/span><\/div>\n\t\t\t     \n\t\t\t\t <div class=\"dsm-icon-wrapper\"><span class=\"dsm_icon\">\uf58f<\/span><\/div>\n\t\t\t\t  \n\t\t\t\t <div class=\"dsm-title-wrapper\">\n\t\t\t     <div class=\"dsm-title\">Conclusiones<\/div>\n\t\t\t\t \n\t\t\t\t <div class=\"dsm-tab-subtitle\">Un Repaso A Tu Semana<\/div>\n\t\t\t\t \n\t\t\t\t <\/div>\n\t\t\t  <\/div>\n\t\t<\/div>\n\t\t\t\t <div class=\"dsm-advanced-tabs-content-wrapper\">\n\t\t\t\t    <div id=\"dsm-panel-69ecd963b06bf \" class=\"dsm-content-wrapper dsm_advanced_tabs_child_0 animated\" aria-labelledby=\"dsm-tab-69ecd963b06bf\" data-contentId=\"69ecd963b06bf\">\n\t\t\t\t<div class=\"dsm-inner-content-wrapper\">  \n\t\t\t\t\t\n\t\t\t\t\t\n\t\t\t\t\t<div class=\"dsm-inner-content\"> \n\t\t\t\t\t\t\n\t\t\t\t\t\t\n\t\t\t\t\t\t\n\t\t\t\t\t<\/div>\n\t\t\t\t<\/div>\n\t\t   <\/div>\n\t\t\t\t <\/div>\n\t\t     <\/div>\n\t\t    \n\t\t\t\t<\/div>\n\t\t\t<\/div>Esperamos que hayas tenido muchas experiencias positivas y significativas haciendo el Programa de los 7 D\u00edas del Pedido, y que hayas aprendido cosas nuevas e importantes que te ayudar\u00e1n en todos los aspectos de tu vida. Al llegar al final del programa, demos un \u00faltimo paso y reflexionemos sobre lo que ha pasado. Todas tus experiencias en los 7 D\u00edas del Pedido son tuyas para guardarlas en tu coraz\u00f3n&#8230; pero, esperamos que al escribirlas, tengas un tesoro incalculable para referirte a ellas y aprender de ellas en el futuro. Es bueno recordar: esto no se trata de \u00e9xitos y fracasos, no es algo para juzgar, no es una prueba que se pasa o se falla. Es para ti mismo, para reflexionar sobre lo que has aprendido y as\u00ed poder crecer a partir de ello. Aqu\u00ed tienes algunas preguntas que pueden ayudarte a aclarar [&hellip;]<\/p>\n","protected":false},"author":1,"featured_media":0,"parent":0,"menu_order":0,"comment_status":"closed","ping_status":"closed","template":"","meta":{"_et_pb_use_builder":"on","_et_pb_old_content":"","_et_gb_content_width":"","footnotes":""},"class_list":["post-45","page","type-page","status-publish","hentry"],"yoast_head":"<!-- This site is optimized with the Yoast SEO plugin v27.4 - https:\/\/yoast.com\/product\/yoast-seo-wordpress\/ -->\n<title>Conclusiones - El Pedido<\/title>\n<meta name=\"robots\" content=\"index, follow, max-snippet:-1, max-image-preview:large, max-video-preview:-1\" \/>\n<link rel=\"canonical\" href=\"https:\/\/pedido.org\/_web\/conclusiones\/\" \/>\n<meta property=\"og:locale\" content=\"es_ES\" \/>\n<meta property=\"og:type\" content=\"article\" \/>\n<meta property=\"og:title\" content=\"Conclusiones - El Pedido\" \/>\n<meta property=\"og:description\" content=\"\u00a0CONCLUSIONESUn repaso a tu semanaEsperamos que hayas tenido muchas experiencias positivas y significativas haciendo el Programa de los 7 D\u00edas del Pedido, y que hayas aprendido cosas nuevas e importantes que te ayudar\u00e1n en todos los aspectos de tu vida. Al llegar al final del programa, demos un \u00faltimo paso y reflexionemos sobre lo que ha pasado. Todas tus experiencias en los 7 D\u00edas del Pedido son tuyas para guardarlas en tu coraz\u00f3n... pero, esperamos que al escribirlas, tengas un tesoro incalculable para referirte a ellas y aprender de ellas en el futuro. Es bueno recordar: esto no se trata de \u00e9xitos y fracasos, no es algo para juzgar, no es una prueba que se pasa o se falla. Es para ti mismo, para reflexionar sobre lo que has aprendido y as\u00ed poder crecer a partir de ello. Aqu\u00ed tienes algunas preguntas que pueden ayudarte a aclarar [&hellip;]\" \/>\n<meta property=\"og:url\" content=\"https:\/\/pedido.org\/_web\/conclusiones\/\" \/>\n<meta property=\"og:site_name\" content=\"El Pedido\" \/>\n<meta property=\"article:modified_time\" content=\"2025-01-26T22:15:42+00:00\" \/>\n<meta name=\"twitter:card\" content=\"summary_large_image\" \/>\n<meta name=\"twitter:label1\" content=\"Tiempo de lectura\" \/>\n\t<meta name=\"twitter:data1\" content=\"8 minutos\" \/>\n<script type=\"application\/ld+json\" class=\"yoast-schema-graph\">{\"@context\":\"https:\\\/\\\/schema.org\",\"@graph\":[{\"@type\":\"WebPage\",\"@id\":\"https:\\\/\\\/pedido.org\\\/_web\\\/conclusiones\\\/\",\"url\":\"https:\\\/\\\/pedido.org\\\/_web\\\/conclusiones\\\/\",\"name\":\"Conclusiones - El Pedido\",\"isPartOf\":{\"@id\":\"https:\\\/\\\/pedido.org\\\/_web\\\/#website\"},\"datePublished\":\"2023-11-30T19:49:33+00:00\",\"dateModified\":\"2025-01-26T22:15:42+00:00\",\"breadcrumb\":{\"@id\":\"https:\\\/\\\/pedido.org\\\/_web\\\/conclusiones\\\/#breadcrumb\"},\"inLanguage\":\"es\",\"potentialAction\":[{\"@type\":\"ReadAction\",\"target\":[\"https:\\\/\\\/pedido.org\\\/_web\\\/conclusiones\\\/\"]}]},{\"@type\":\"BreadcrumbList\",\"@id\":\"https:\\\/\\\/pedido.org\\\/_web\\\/conclusiones\\\/#breadcrumb\",\"itemListElement\":[{\"@type\":\"ListItem\",\"position\":1,\"name\":\"Portada\",\"item\":\"https:\\\/\\\/pedido.org\\\/_web\\\/\"},{\"@type\":\"ListItem\",\"position\":2,\"name\":\"Conclusiones\"}]},{\"@type\":\"WebSite\",\"@id\":\"https:\\\/\\\/pedido.org\\\/_web\\\/#website\",\"url\":\"https:\\\/\\\/pedido.org\\\/_web\\\/\",\"name\":\"El Pedido\",\"description\":\"7 D\u00edas Del Pedido\",\"potentialAction\":[{\"@type\":\"SearchAction\",\"target\":{\"@type\":\"EntryPoint\",\"urlTemplate\":\"https:\\\/\\\/pedido.org\\\/_web\\\/?s={search_term_string}\"},\"query-input\":{\"@type\":\"PropertyValueSpecification\",\"valueRequired\":true,\"valueName\":\"search_term_string\"}}],\"inLanguage\":\"es\"}]}<\/script>\n<!-- \/ Yoast SEO plugin. -->","yoast_head_json":{"title":"Conclusiones - El Pedido","robots":{"index":"index","follow":"follow","max-snippet":"max-snippet:-1","max-image-preview":"max-image-preview:large","max-video-preview":"max-video-preview:-1"},"canonical":"https:\/\/pedido.org\/_web\/conclusiones\/","og_locale":"es_ES","og_type":"article","og_title":"Conclusiones - El Pedido","og_description":"\u00a0CONCLUSIONESUn repaso a tu semanaEsperamos que hayas tenido muchas experiencias positivas y significativas haciendo el Programa de los 7 D\u00edas del Pedido, y que hayas aprendido cosas nuevas e importantes que te ayudar\u00e1n en todos los aspectos de tu vida. Al llegar al final del programa, demos un \u00faltimo paso y reflexionemos sobre lo que ha pasado. Todas tus experiencias en los 7 D\u00edas del Pedido son tuyas para guardarlas en tu coraz\u00f3n... pero, esperamos que al escribirlas, tengas un tesoro incalculable para referirte a ellas y aprender de ellas en el futuro. Es bueno recordar: esto no se trata de \u00e9xitos y fracasos, no es algo para juzgar, no es una prueba que se pasa o se falla. Es para ti mismo, para reflexionar sobre lo que has aprendido y as\u00ed poder crecer a partir de ello. Aqu\u00ed tienes algunas preguntas que pueden ayudarte a aclarar [&hellip;]","og_url":"https:\/\/pedido.org\/_web\/conclusiones\/","og_site_name":"El Pedido","article_modified_time":"2025-01-26T22:15:42+00:00","twitter_card":"summary_large_image","twitter_misc":{"Tiempo de lectura":"8 minutos"},"schema":{"@context":"https:\/\/schema.org","@graph":[{"@type":"WebPage","@id":"https:\/\/pedido.org\/_web\/conclusiones\/","url":"https:\/\/pedido.org\/_web\/conclusiones\/","name":"Conclusiones - El Pedido","isPartOf":{"@id":"https:\/\/pedido.org\/_web\/#website"},"datePublished":"2023-11-30T19:49:33+00:00","dateModified":"2025-01-26T22:15:42+00:00","breadcrumb":{"@id":"https:\/\/pedido.org\/_web\/conclusiones\/#breadcrumb"},"inLanguage":"es","potentialAction":[{"@type":"ReadAction","target":["https:\/\/pedido.org\/_web\/conclusiones\/"]}]},{"@type":"BreadcrumbList","@id":"https:\/\/pedido.org\/_web\/conclusiones\/#breadcrumb","itemListElement":[{"@type":"ListItem","position":1,"name":"Portada","item":"https:\/\/pedido.org\/_web\/"},{"@type":"ListItem","position":2,"name":"Conclusiones"}]},{"@type":"WebSite","@id":"https:\/\/pedido.org\/_web\/#website","url":"https:\/\/pedido.org\/_web\/","name":"El Pedido","description":"7 D\u00edas Del Pedido","potentialAction":[{"@type":"SearchAction","target":{"@type":"EntryPoint","urlTemplate":"https:\/\/pedido.org\/_web\/?s={search_term_string}"},"query-input":{"@type":"PropertyValueSpecification","valueRequired":true,"valueName":"search_term_string"}}],"inLanguage":"es"}]}},"_links":{"self":[{"href":"https:\/\/pedido.org\/_web\/wp-json\/wp\/v2\/pages\/45","targetHints":{"allow":["GET"]}}],"collection":[{"href":"https:\/\/pedido.org\/_web\/wp-json\/wp\/v2\/pages"}],"about":[{"href":"https:\/\/pedido.org\/_web\/wp-json\/wp\/v2\/types\/page"}],"author":[{"embeddable":true,"href":"https:\/\/pedido.org\/_web\/wp-json\/wp\/v2\/users\/1"}],"replies":[{"embeddable":true,"href":"https:\/\/pedido.org\/_web\/wp-json\/wp\/v2\/comments?post=45"}],"version-history":[{"count":50,"href":"https:\/\/pedido.org\/_web\/wp-json\/wp\/v2\/pages\/45\/revisions"}],"predecessor-version":[{"id":1444,"href":"https:\/\/pedido.org\/_web\/wp-json\/wp\/v2\/pages\/45\/revisions\/1444"}],"wp:attachment":[{"href":"https:\/\/pedido.org\/_web\/wp-json\/wp\/v2\/media?parent=45"}],"curies":[{"name":"wp","href":"https:\/\/api.w.org\/{rel}","templated":true}]}}