{"id":29,"date":"2023-11-30T19:29:34","date_gmt":"2023-11-30T19:29:34","guid":{"rendered":"http:\/\/localhost\/pedido\/?page_id=29"},"modified":"2025-01-26T12:27:18","modified_gmt":"2025-01-26T17:27:18","slug":"silo-el-regalo","status":"publish","type":"page","link":"https:\/\/pedido.org\/_web\/silo-el-regalo\/","title":{"rendered":"Silo &#8211; el regalo"},"content":{"rendered":"<p>[et_pb_section fb_built=\u00bb1&#8243; admin_label=\u00bbSection animation\u00bb _builder_version=\u00bb4.23.4&#8243; _module_preset=\u00bbdefault\u00bb animation_style=\u00bbslide\u00bb animation_direction=\u00bbright\u00bb da_disable_devices=\u00bboff|off|off\u00bb global_colors_info=\u00bb{}\u00bb da_is_popup=\u00bboff\u00bb da_exit_intent=\u00bboff\u00bb da_has_close=\u00bbon\u00bb da_alt_close=\u00bboff\u00bb da_dark_close=\u00bboff\u00bb da_not_modal=\u00bbon\u00bb da_is_singular=\u00bboff\u00bb da_with_loader=\u00bboff\u00bb da_has_shadow=\u00bbon\u00bb][et_pb_row _builder_version=\u00bb4.23.4&#8243; _module_preset=\u00bbdefault\u00bb max_width=\u00bb700px\u00bb max_width_tablet=\u00bb\u00bb max_width_phone=\u00bb\u00bb max_width_last_edited=\u00bbon|desktop\u00bb global_colors_info=\u00bb{}\u00bb][et_pb_column type=\u00bb4_4&#8243; _builder_version=\u00bb4.23.4&#8243; _module_preset=\u00bbdefault\u00bb global_colors_info=\u00bb{}\u00bb][dsm_dual_heading before_text=\u00bbEl Pedido\u00bb middle_text=\u00bbUn Regalo para la Humanidad\u00bb middle_padding=\u00bb10px||||false|false\u00bb after_padding=\u00bb10px||||false|false\u00bb before_display_type=\u00bbblock\u00bb middle_display_type=\u00bbblock\u00bb after_display_type=\u00bbblock\u00bb _builder_version=\u00bb4.27.4&#8243; _module_preset=\u00bbdefault\u00bb before_font=\u00bb|600|||||||\u00bb before_text_color=\u00bb#C7AF37&#8243; middle_font=\u00bb||||||||\u00bb middle_text_color=\u00bb#516573&#8243; after_text_color=\u00bb#516573&#8243; after_font_size=\u00bb24px\u00bb after_line_height=\u00bb1.7em\u00bb text_orientation=\u00bbcenter\u00bb hover_enabled=\u00bb0&#8243; locked=\u00bboff\u00bb global_colors_info=\u00bb{}\u00bb sticky_enabled=\u00bb0&#8243;][\/dsm_dual_heading][et_pb_text _builder_version=\u00bb4.27.4&#8243; _module_preset=\u00bbdefault\u00bb hover_enabled=\u00bb0&#8243; global_colors_info=\u00bb{}\u00bb sticky_enabled=\u00bb0&#8243;]<\/p>\n<p>El programa de los 7 D\u00edas del Pedido se inspir\u00f3 en el \u00abRegalo\u00bb dado por Silo -gu\u00eda espiritual y humanista- durante su charla en la inauguraci\u00f3n del Parque de Estudio y Reflexi\u00f3n La Reja, Buenos Aires, Argentina, el 7 de mayo de 2005.<\/p>\n<p>[\/et_pb_text][et_pb_video src=\u00bbhttps:\/\/www.youtube.com\/watch?v=-cSojW7y6wo\u00bb _builder_version=\u00bb4.27.4&#8243; _module_preset=\u00bbdefault\u00bb custom_padding=\u00bb||20px||false|false\u00bb hover_enabled=\u00bb0&#8243; global_colors_info=\u00bb{}\u00bb sticky_enabled=\u00bb0&#8243;][\/et_pb_video][et_pb_text _builder_version=\u00bb4.27.4&#8243; _module_preset=\u00bbdefault\u00bb hover_enabled=\u00bb0&#8243; global_colors_info=\u00bb{}\u00bb sticky_enabled=\u00bb0&#8243;]<\/p>\n<p><span class=\"spec-qoute\">\u201c<\/span>&#8230;Y en algunas celebraciones la gente intercambia presentes, quisiera hacerte un regalo que, por cierto, t\u00fa ver\u00e1s si merece ser aceptado. Se trata, en realidad, de la recomendaci\u00f3n m\u00e1s f\u00e1cil y pr\u00e1ctica que soy capaz de ofrecer. Es casi como una receta de cocina, pero conf\u00edo en que ir\u00e1s m\u00e1s all\u00e1 de lo que se\u00f1alan las palabras\u2026<\/p>\n<p><b>En alg\u00fan momento del d\u00eda o de la noche, aspira una bocanada de aire e imagina que llevas ese aire a tu coraz\u00f3n.<\/b> Entonces, pide con fuerza por ti y por tus seres m\u00e1s queridos. Pide con fuerza para alejarte de todo aquello que trae contradicci\u00f3n; pide porque tu vida tenga unidad. No destines mucho tiempo a esta breve oraci\u00f3n, a este breve pedido, porque bastar\u00e1 con que interrumpas un instante lo que va sucediendo en tu vida para que en el contacto con tu interior se despejen tus sentimientos y tus ideas.<\/p>\n<p>&#8230;Con aquella \u201creceta\u201d no termina el aprendizaje sino que empieza. En aquella \u201caquella\u201d se dice que hay que pedir, pero \u00bfa qui\u00e9n se pide? Seg\u00fan lo que creas ser\u00e1 a tu dios interno, o a tu gu\u00eda o a una imagen inspiradora y reconfortante. Por \u00faltimo, si no tienes a quien pedir, tampoco tendr\u00e1s a quien dar, y entonces mi regalo no merecer\u00e1 ser aceptado.\u201c<\/p>\n<p>[\/et_pb_text][et_pb_image src=\u00bbhttps:\/\/pedido.org\/_web\/wp-content\/uploads\/2024\/01\/lareja.jpg\u00bb title_text=\u00bblareja\u00bb _builder_version=\u00bb4.23.4&#8243; _module_preset=\u00bbdefault\u00bb global_colors_info=\u00bb{}\u00bb][\/et_pb_image][\/et_pb_column][\/et_pb_row][\/et_pb_section][et_pb_section fb_built=\u00bb1&#8243; _builder_version=\u00bb4.23.4&#8243; _module_preset=\u00bbdefault\u00bb da_disable_devices=\u00bboff|off|off\u00bb global_colors_info=\u00bb{}\u00bb da_is_popup=\u00bboff\u00bb da_exit_intent=\u00bboff\u00bb da_has_close=\u00bbon\u00bb da_alt_close=\u00bboff\u00bb da_dark_close=\u00bboff\u00bb da_not_modal=\u00bbon\u00bb da_is_singular=\u00bboff\u00bb da_with_loader=\u00bboff\u00bb da_has_shadow=\u00bbon\u00bb][et_pb_row _builder_version=\u00bb4.23.4&#8243; _module_preset=\u00bbdefault\u00bb max_width=\u00bb700px\u00bb max_width_tablet=\u00bb\u00bb max_width_phone=\u00bb\u00bb max_width_last_edited=\u00bbon|desktop\u00bb custom_padding=\u00bb||13px|||\u00bb global_colors_info=\u00bb{}\u00bb][et_pb_column type=\u00bb4_4&#8243; _builder_version=\u00bb4.23.4&#8243; _module_preset=\u00bbdefault\u00bb global_colors_info=\u00bb{}\u00bb][et_pb_text _builder_version=\u00bb4.27.4&#8243; _module_preset=\u00bbdefault\u00bb text_font=\u00bb|700|||||||\u00bb text_text_color=\u00bb#C7AF37&#8243; text_font_size=\u00bb20px\u00bb header_2_text_align=\u00bbcenter\u00bb header_2_text_color=\u00bb#C7AF37&#8243; header_3_text_align=\u00bbcenter\u00bb header_3_text_color=\u00bb#C7AF37&#8243; hover_enabled=\u00bb0&#8243; locked=\u00bboff\u00bb global_colors_info=\u00bb{}\u00bb sticky_enabled=\u00bb0&#8243;]<\/p>\n<h2>Sobre El Mensaje de Silo<\/h2>\n<p>[\/et_pb_text][\/et_pb_column][\/et_pb_row][et_pb_row _builder_version=\u00bb4.23.4&#8243; _module_preset=\u00bbdefault\u00bb max_width=\u00bb300px\u00bb max_width_tablet=\u00bb\u00bb max_width_phone=\u00bb\u00bb max_width_last_edited=\u00bbon|desktop\u00bb custom_padding=\u00bb||15px|||\u00bb locked=\u00bboff\u00bb global_colors_info=\u00bb{}\u00bb][et_pb_column type=\u00bb4_4&#8243; _builder_version=\u00bb4.23.4&#8243; _module_preset=\u00bbdefault\u00bb global_colors_info=\u00bb{}\u00bb][et_pb_text _builder_version=\u00bb4.27.4&#8243; _module_preset=\u00bbdefault\u00bb text_font=\u00bb|600|||||||\u00bb text_text_color=\u00bb#516573&#8243; background_image=\u00bbhttps:\/\/pedido.org\/_web\/wp-content\/uploads\/2024\/01\/le-cadeau.png\u00bb background_size=\u00bbcontain\u00bb text_orientation=\u00bbcenter\u00bb custom_margin=\u00bb||2px||false|false\u00bb custom_padding=\u00bb50px||50px||true|false\u00bb hover_enabled=\u00bb0&#8243; locked=\u00bboff\u00bb global_colors_info=\u00bb{}\u00bb sticky_enabled=\u00bb0&#8243;]<\/p>\n<p style=\"text-align: justify;\">&#8230;es la espiritualidad que ha despertado de su profundo sue\u00f1o para nutrir a los seres humanos en sus mejores aspiraciones.<\/p>\n<p>[\/et_pb_text][\/et_pb_column][\/et_pb_row][et_pb_row _builder_version=\u00bb4.23.4&#8243; _module_preset=\u00bbdefault\u00bb max_width=\u00bb700px\u00bb max_width_tablet=\u00bb\u00bb max_width_phone=\u00bb\u00bb max_width_last_edited=\u00bbon|desktop\u00bb global_colors_info=\u00bb{}\u00bb][et_pb_column type=\u00bb4_4&#8243; _builder_version=\u00bb4.23.4&#8243; _module_preset=\u00bbdefault\u00bb global_colors_info=\u00bb{}\u00bb][et_pb_text _builder_version=\u00bb4.27.4&#8243; _module_preset=\u00bbdefault\u00bb hover_enabled=\u00bb0&#8243; global_colors_info=\u00bb{}\u00bb sticky_enabled=\u00bb0&#8243;]<\/p>\n<p>El Mensaje es una espiritualidad suave, profunda y universal basada en las ense\u00f1anzas de Silo.<\/p>\n<p>El Mensaje de Silo se divide en tres partes:<br \/><b>El Libro:<\/b> La Mirada Interna, una meditaci\u00f3n sobre el sentido y el sinsentido de la vida;<br \/><b>La Experiencia:<\/b> experiencias guiadas en forma de sencillas ceremonias, capaces de producir inspiraci\u00f3n espiritual y cambios positivos en la vida cotidiana; y<br \/><b>El Camino:<\/b> reflexiones y sugerencias sobre la vida personal, interpersonal y social.<\/p>\n<p>El Mensaje de Silo ha llegado al coraz\u00f3n de cientos de miles de personas de diferentes culturas, creencias y estilos de vida de todo el mundo. Quienes participan forman peque\u00f1as comunidades y, por lo general, se re\u00fanen una vez a la semana para vivir experiencias internas y transformadoras.<\/p>\n<p>En las reuniones semanales se realizan meditaciones centradas en el coraz\u00f3n y se experimenta la profundizaci\u00f3n de los Pedidos por nosotros mismos y por nuestros seres queridos, irradiando afecto y compasi\u00f3n.<\/p>\n<p>Para m\u00e1s informaci\u00f3n: <a href=\"https:\/\/elmensajedesilo.net\/\">El Mensaje De Silo<\/a><\/p>\n<p>[\/et_pb_text][et_pb_image src=\u00bbhttps:\/\/pedido.org\/_web\/wp-content\/uploads\/2025\/01\/logo_el_mensaje_de_silo.png\u00bb title_text=\u00bblogo_el_mensaje_de_silo\u00bb url=\u00bbhttps:\/\/sites.google.com\/view\/le-message-de-silo\/\u00bb url_new_window=\u00bbon\u00bb align=\u00bbcenter\u00bb _builder_version=\u00bb4.27.4&#8243; _module_preset=\u00bbdefault\u00bb hover_enabled=\u00bb0&#8243; global_colors_info=\u00bb{}\u00bb sticky_enabled=\u00bb0&#8243; width=\u00bb50%\u00bb][\/et_pb_image][\/et_pb_column][\/et_pb_row][\/et_pb_section]<\/p>\n","protected":false},"excerpt":{"rendered":"<p><div class=\"et_pb_module dsm_dual_heading dsm_dual_heading_0  et_pb_text_align_center et_pb_bg_layout_light\">\n\t\t\t\t\n\t\t\t\t\n\t\t\t\t\n\t\t\t\t\n\t\t\t\t\n\t\t\t\t\n\t\t\t\t<div class=\"et_pb_module_inner\">\n\t\t\t\t\t<h2 class=\"dsm-dual-heading-main et_pb_module_header\"><span class=\"dsm-dual-heading-before\">El Pedido<\/span><span class=\"dsm-dual-heading-middle\">Un Regalo para la Humanidad<\/span><\/h2>\n\t\t\t\t<\/div>\n\t\t\t<\/div>El programa de los 7 D\u00edas del Pedido se inspir\u00f3 en el \u00abRegalo\u00bb dado por Silo -gu\u00eda espiritual y humanista- durante su charla en la inauguraci\u00f3n del Parque de Estudio y Reflexi\u00f3n La Reja, Buenos Aires, Argentina, el 7 de mayo de 2005.\u201c&#8230;Y en algunas celebraciones la gente intercambia presentes, quisiera hacerte un regalo que, por cierto, t\u00fa ver\u00e1s si merece ser aceptado. Se trata, en realidad, de la recomendaci\u00f3n m\u00e1s f\u00e1cil y pr\u00e1ctica que soy capaz de ofrecer. Es casi como una receta de cocina, pero conf\u00edo en que ir\u00e1s m\u00e1s all\u00e1 de lo que se\u00f1alan las palabras\u2026 En alg\u00fan momento del d\u00eda o de la noche, aspira una bocanada de aire e imagina que llevas ese aire a tu coraz\u00f3n. Entonces, pide con fuerza por ti y por tus seres m\u00e1s queridos. Pide con fuerza para alejarte de todo aquello que trae contradicci\u00f3n; pide porque tu vida tenga unidad. No destines mucho tiempo a esta breve oraci\u00f3n, a este breve pedido, porque bastar\u00e1 con que interrumpas un instante lo que va sucediendo [&hellip;]<\/p>\n","protected":false},"author":1,"featured_media":0,"parent":0,"menu_order":0,"comment_status":"closed","ping_status":"closed","template":"","meta":{"_et_pb_use_builder":"on","_et_pb_old_content":"","_et_gb_content_width":"","footnotes":""},"class_list":["post-29","page","type-page","status-publish","hentry"],"yoast_head":"<!-- This site is optimized with the Yoast SEO plugin v27.4 - https:\/\/yoast.com\/product\/yoast-seo-wordpress\/ -->\n<title>Silo - el regalo - El Pedido<\/title>\n<meta name=\"robots\" content=\"index, follow, max-snippet:-1, max-image-preview:large, max-video-preview:-1\" \/>\n<link rel=\"canonical\" href=\"https:\/\/pedido.org\/_web\/silo-el-regalo\/\" \/>\n<meta property=\"og:locale\" content=\"es_ES\" \/>\n<meta property=\"og:type\" content=\"article\" \/>\n<meta property=\"og:title\" content=\"Silo - el regalo - El Pedido\" \/>\n<meta property=\"og:description\" content=\"El programa de los 7 D\u00edas del Pedido se inspir\u00f3 en el &quot;Regalo&quot; dado por Silo -gu\u00eda espiritual y humanista- durante su charla en la inauguraci\u00f3n del Parque de Estudio y Reflexi\u00f3n La Reja, Buenos Aires, Argentina, el 7 de mayo de 2005.\u201c...Y en algunas celebraciones la gente intercambia presentes, quisiera hacerte un regalo que, por cierto, t\u00fa ver\u00e1s si merece ser aceptado. Se trata, en realidad, de la recomendaci\u00f3n m\u00e1s f\u00e1cil y pr\u00e1ctica que soy capaz de ofrecer. Es casi como una receta de cocina, pero conf\u00edo en que ir\u00e1s m\u00e1s all\u00e1 de lo que se\u00f1alan las palabras\u2026 En alg\u00fan momento del d\u00eda o de la noche, aspira una bocanada de aire e imagina que llevas ese aire a tu coraz\u00f3n. Entonces, pide con fuerza por ti y por tus seres m\u00e1s queridos. Pide con fuerza para alejarte de todo aquello que trae contradicci\u00f3n; pide porque tu vida tenga unidad. No destines mucho tiempo a esta breve oraci\u00f3n, a este breve pedido, porque bastar\u00e1 con que interrumpas un instante lo que va sucediendo [&hellip;]\" \/>\n<meta property=\"og:url\" content=\"https:\/\/pedido.org\/_web\/silo-el-regalo\/\" \/>\n<meta property=\"og:site_name\" content=\"El Pedido\" \/>\n<meta property=\"article:modified_time\" content=\"2025-01-26T17:27:18+00:00\" \/>\n<meta name=\"twitter:card\" content=\"summary_large_image\" \/>\n<meta name=\"twitter:label1\" content=\"Tiempo de lectura\" \/>\n\t<meta name=\"twitter:data1\" content=\"6 minutos\" \/>\n<script type=\"application\/ld+json\" class=\"yoast-schema-graph\">{\"@context\":\"https:\\\/\\\/schema.org\",\"@graph\":[{\"@type\":\"WebPage\",\"@id\":\"https:\\\/\\\/pedido.org\\\/_web\\\/silo-el-regalo\\\/\",\"url\":\"https:\\\/\\\/pedido.org\\\/_web\\\/silo-el-regalo\\\/\",\"name\":\"Silo - el regalo - El Pedido\",\"isPartOf\":{\"@id\":\"https:\\\/\\\/pedido.org\\\/_web\\\/#website\"},\"datePublished\":\"2023-11-30T19:29:34+00:00\",\"dateModified\":\"2025-01-26T17:27:18+00:00\",\"breadcrumb\":{\"@id\":\"https:\\\/\\\/pedido.org\\\/_web\\\/silo-el-regalo\\\/#breadcrumb\"},\"inLanguage\":\"es\",\"potentialAction\":[{\"@type\":\"ReadAction\",\"target\":[\"https:\\\/\\\/pedido.org\\\/_web\\\/silo-el-regalo\\\/\"]}]},{\"@type\":\"BreadcrumbList\",\"@id\":\"https:\\\/\\\/pedido.org\\\/_web\\\/silo-el-regalo\\\/#breadcrumb\",\"itemListElement\":[{\"@type\":\"ListItem\",\"position\":1,\"name\":\"Portada\",\"item\":\"https:\\\/\\\/pedido.org\\\/_web\\\/\"},{\"@type\":\"ListItem\",\"position\":2,\"name\":\"Silo &#8211; el regalo\"}]},{\"@type\":\"WebSite\",\"@id\":\"https:\\\/\\\/pedido.org\\\/_web\\\/#website\",\"url\":\"https:\\\/\\\/pedido.org\\\/_web\\\/\",\"name\":\"El Pedido\",\"description\":\"7 D\u00edas Del Pedido\",\"potentialAction\":[{\"@type\":\"SearchAction\",\"target\":{\"@type\":\"EntryPoint\",\"urlTemplate\":\"https:\\\/\\\/pedido.org\\\/_web\\\/?s={search_term_string}\"},\"query-input\":{\"@type\":\"PropertyValueSpecification\",\"valueRequired\":true,\"valueName\":\"search_term_string\"}}],\"inLanguage\":\"es\"}]}<\/script>\n<!-- \/ Yoast SEO plugin. -->","yoast_head_json":{"title":"Silo - el regalo - El Pedido","robots":{"index":"index","follow":"follow","max-snippet":"max-snippet:-1","max-image-preview":"max-image-preview:large","max-video-preview":"max-video-preview:-1"},"canonical":"https:\/\/pedido.org\/_web\/silo-el-regalo\/","og_locale":"es_ES","og_type":"article","og_title":"Silo - el regalo - El Pedido","og_description":"El programa de los 7 D\u00edas del Pedido se inspir\u00f3 en el \"Regalo\" dado por Silo -gu\u00eda espiritual y humanista- durante su charla en la inauguraci\u00f3n del Parque de Estudio y Reflexi\u00f3n La Reja, Buenos Aires, Argentina, el 7 de mayo de 2005.\u201c...Y en algunas celebraciones la gente intercambia presentes, quisiera hacerte un regalo que, por cierto, t\u00fa ver\u00e1s si merece ser aceptado. Se trata, en realidad, de la recomendaci\u00f3n m\u00e1s f\u00e1cil y pr\u00e1ctica que soy capaz de ofrecer. Es casi como una receta de cocina, pero conf\u00edo en que ir\u00e1s m\u00e1s all\u00e1 de lo que se\u00f1alan las palabras\u2026 En alg\u00fan momento del d\u00eda o de la noche, aspira una bocanada de aire e imagina que llevas ese aire a tu coraz\u00f3n. Entonces, pide con fuerza por ti y por tus seres m\u00e1s queridos. Pide con fuerza para alejarte de todo aquello que trae contradicci\u00f3n; pide porque tu vida tenga unidad. No destines mucho tiempo a esta breve oraci\u00f3n, a este breve pedido, porque bastar\u00e1 con que interrumpas un instante lo que va sucediendo [&hellip;]","og_url":"https:\/\/pedido.org\/_web\/silo-el-regalo\/","og_site_name":"El Pedido","article_modified_time":"2025-01-26T17:27:18+00:00","twitter_card":"summary_large_image","twitter_misc":{"Tiempo de lectura":"6 minutos"},"schema":{"@context":"https:\/\/schema.org","@graph":[{"@type":"WebPage","@id":"https:\/\/pedido.org\/_web\/silo-el-regalo\/","url":"https:\/\/pedido.org\/_web\/silo-el-regalo\/","name":"Silo - el regalo - El Pedido","isPartOf":{"@id":"https:\/\/pedido.org\/_web\/#website"},"datePublished":"2023-11-30T19:29:34+00:00","dateModified":"2025-01-26T17:27:18+00:00","breadcrumb":{"@id":"https:\/\/pedido.org\/_web\/silo-el-regalo\/#breadcrumb"},"inLanguage":"es","potentialAction":[{"@type":"ReadAction","target":["https:\/\/pedido.org\/_web\/silo-el-regalo\/"]}]},{"@type":"BreadcrumbList","@id":"https:\/\/pedido.org\/_web\/silo-el-regalo\/#breadcrumb","itemListElement":[{"@type":"ListItem","position":1,"name":"Portada","item":"https:\/\/pedido.org\/_web\/"},{"@type":"ListItem","position":2,"name":"Silo &#8211; el regalo"}]},{"@type":"WebSite","@id":"https:\/\/pedido.org\/_web\/#website","url":"https:\/\/pedido.org\/_web\/","name":"El Pedido","description":"7 D\u00edas Del Pedido","potentialAction":[{"@type":"SearchAction","target":{"@type":"EntryPoint","urlTemplate":"https:\/\/pedido.org\/_web\/?s={search_term_string}"},"query-input":{"@type":"PropertyValueSpecification","valueRequired":true,"valueName":"search_term_string"}}],"inLanguage":"es"}]}},"_links":{"self":[{"href":"https:\/\/pedido.org\/_web\/wp-json\/wp\/v2\/pages\/29","targetHints":{"allow":["GET"]}}],"collection":[{"href":"https:\/\/pedido.org\/_web\/wp-json\/wp\/v2\/pages"}],"about":[{"href":"https:\/\/pedido.org\/_web\/wp-json\/wp\/v2\/types\/page"}],"author":[{"embeddable":true,"href":"https:\/\/pedido.org\/_web\/wp-json\/wp\/v2\/users\/1"}],"replies":[{"embeddable":true,"href":"https:\/\/pedido.org\/_web\/wp-json\/wp\/v2\/comments?post=29"}],"version-history":[{"count":14,"href":"https:\/\/pedido.org\/_web\/wp-json\/wp\/v2\/pages\/29\/revisions"}],"predecessor-version":[{"id":1441,"href":"https:\/\/pedido.org\/_web\/wp-json\/wp\/v2\/pages\/29\/revisions\/1441"}],"wp:attachment":[{"href":"https:\/\/pedido.org\/_web\/wp-json\/wp\/v2\/media?parent=29"}],"curies":[{"name":"wp","href":"https:\/\/api.w.org\/{rel}","templated":true}]}}