{"id":21,"date":"2023-11-30T19:26:27","date_gmt":"2023-11-30T19:26:27","guid":{"rendered":"http:\/\/localhost\/pedido\/?page_id=21"},"modified":"2026-02-23T21:36:35","modified_gmt":"2026-02-24T02:36:35","slug":"proximos-eventos","status":"publish","type":"page","link":"https:\/\/pedido.org\/_web\/proximos-eventos\/","title":{"rendered":"proximos eventos"},"content":{"rendered":"<p>[et_pb_section fb_built=\u00bb1&#8243; admin_label=\u00bbSection animation\u00bb _builder_version=\u00bb4.27.4&#8243; _module_preset=\u00bbdefault\u00bb animation_style=\u00bbslide\u00bb animation_direction=\u00bbright\u00bb da_disable_devices=\u00bboff|off|off\u00bb global_colors_info=\u00bb{}\u00bb da_is_popup=\u00bboff\u00bb da_exit_intent=\u00bboff\u00bb da_has_close=\u00bbon\u00bb da_alt_close=\u00bboff\u00bb da_dark_close=\u00bboff\u00bb da_not_modal=\u00bbon\u00bb da_is_singular=\u00bboff\u00bb da_with_loader=\u00bboff\u00bb da_has_shadow=\u00bbon\u00bb][et_pb_row _builder_version=\u00bb4.23.4&#8243; _module_preset=\u00bbdefault\u00bb max_width=\u00bb700px\u00bb max_width_tablet=\u00bb\u00bb max_width_phone=\u00bb\u00bb max_width_last_edited=\u00bbon|desktop\u00bb global_colors_info=\u00bb{}\u00bb][et_pb_column type=\u00bb4_4&#8243; _builder_version=\u00bb4.23.4&#8243; _module_preset=\u00bbdefault\u00bb global_colors_info=\u00bb{}\u00bb][et_pb_image src=\u00bbhttps:\/\/pedido.org\/_web\/wp-content\/uploads\/2025\/03\/invitacion_programa_para_mayo_11_2025.png\u00bb title_text=\u00bbinvitacion_programa_para_mayo_11_2025&#8243; admin_label=\u00bbImagen\u00bb _builder_version=\u00bb4.27.4&#8243; _module_preset=\u00bbdefault\u00bb hover_enabled=\u00bb0&#8243; global_colors_info=\u00bb{}\u00bb sticky_enabled=\u00bb0&#8243;][\/et_pb_image][et_pb_text admin_label=\u00bbTexto\u00bb _builder_version=\u00bb4.27.4&#8243; _module_preset=\u00bbdefault\u00bb global_colors_info=\u00bb{}\u00bb]<\/p>\n<div>\n<p><strong>Invitaci\u00f3n<\/strong><\/p>\n<p>Nos complace presentar un nuevo programa virtual del Programa de <strong>\u201c7 d\u00edas con El Pedido\u201d<\/strong> en idioma espa\u00f1ol. Comenzar\u00e1 <strong>el d\u00eda domingo 01 de marzo de 2026<\/strong>, a las 15 hs PDV, Arg. Presentaremos \u201cEl Regalo del Pedido\u201c. Comentaremos c\u00f3mo funciona el programa, realizaremos una pr\u00e1ctica del mismo e intercambiaremos sobre las experiencias m\u00e1s significativas, ofreciendo recomendaciones si fuera de inter\u00e9s.<\/p>\n<p>El programa de <strong>7 d\u00edas con el Pedido<\/strong>, nos ayuda a profundizar nuestra experiencia en este proceso de ir paso a paso despertando el coraz\u00f3n. A trav\u00e9s de \u00e9l, nos conectamos con lo mejor de nosotros, aclaramos lo que necesitamos realmente y encontramos nuestra fuerza interna.<\/p>\n<p><strong>Pedidos<\/strong><\/p>\n<p>D\u00eda 1- Pide por ti<br \/>D\u00eda 2: Pide por tus seres queridos<br \/>D\u00eda 3: Pide por alejar la contradicci\u00f3n<br \/>D\u00eda 4: Agradecimiento<br \/>D\u00eda 5: Pide por la reconciliaci\u00f3n con uno mismo y con los dem\u00e1s<br \/>D\u00eda 6: Pide porque tu vida tenga unidad<br \/>D\u00eda 7: Pide por lo que necesitas realmente<\/p>\n<p><strong>\u00bfC\u00f3mo Funciona este Programa?<\/strong><\/p>\n<p>El Pedido se realiza individualmente durante 7 d\u00edas, se practica 2 veces al d\u00eda \u2013 preferentemente a la ma\u00f1ana y a la noche-.<\/p>\n<p>Cada d\u00eda se env\u00eda un recordatorio a cada participante con un pedido diferente, junto con una reflexi\u00f3n y una frase inspiradora.<br \/>Un componente clave son las tres reuniones grupales: Una primera reuni\u00f3n de presentaci\u00f3n, una segunda reuni\u00f3n de intercambio el D\u00eda 4 (Agradecimiento) y la tercera reuni\u00f3n de cierre o s\u00edntesis. En estos intercambios grupales es donde nuestra experiencia se enriquece y se producen nuevos descubrimientos.<\/p>\n<p>El grupo fortalece nuestro trabajo. Dentro de una misma sinton\u00eda compartir las experiencias comunes y personales en el proceso del taller, puede ser inspirador y amplificador de la propia experiencia.<\/p>\n<p><strong>Este programa es de participaci\u00f3n gratuita.<\/strong><\/p>\n<blockquote>\n<p><em>\u00abDesde el principio quisimos que el Programa de los 7 D\u00edas del Pedido fuera gratuito, porque creemos que es una herramienta tan valiosa para la humanidad que no quer\u00edamos que el dinero fuera un obst\u00e1culo para nadie.\u00bb<\/em><\/p>\n<\/blockquote>\n<\/div>\n<p><strong><\/strong><\/p>\n<p>[\/et_pb_text][\/et_pb_column][\/et_pb_row][et_pb_row _builder_version=\u00bb4.27.4&#8243; _module_preset=\u00bbdefault\u00bb global_colors_info=\u00bb{}\u00bb][et_pb_column type=\u00bb4_4&#8243; _builder_version=\u00bb4.27.4&#8243; _module_preset=\u00bbdefault\u00bb global_colors_info=\u00bb{}\u00bb][et_pb_button button_url=\u00bbhttps:\/\/pedido.org\/_web\/inscribete-al-programa-grupal\/\u00bb button_text=\u00bbInscribirse\u00bb button_alignment=\u00bbcenter\u00bb _builder_version=\u00bb4.27.4&#8243; _dynamic_attributes=\u00bbbutton_url\u00bb _module_preset=\u00bbdefault\u00bb custom_button=\u00bbon\u00bb button_text_size=\u00bb18px\u00bb button_text_color=\u00bb#8E9168&#8243; button_bg_color=\u00bbrgba(244,239,203,0.75)\u00bb button_border_color=\u00bb#C7AF37&#8243; button_border_radius=\u00bb40px\u00bb button_icon=\u00bb&#xf0f3;||fa||900&#8243; button_icon_color=\u00bb#C7AF37&#8243; button_icon_placement=\u00bbleft\u00bb button_on_hover=\u00bboff\u00bb global_colors_info=\u00bb{}\u00bb][\/et_pb_button][\/et_pb_column][\/et_pb_row][\/et_pb_section]<\/p>\n","protected":false},"excerpt":{"rendered":"<p>Invitaci\u00f3n Nos complace presentar un nuevo programa virtual del Programa de \u201c7 d\u00edas con El Pedido\u201d en idioma espa\u00f1ol. Comenzar\u00e1 el d\u00eda domingo 01 de marzo de 2026, a las 15 hs PDV, Arg. Presentaremos \u201cEl Regalo del Pedido\u201c. Comentaremos c\u00f3mo funciona el programa, realizaremos una pr\u00e1ctica del mismo e intercambiaremos sobre las experiencias m\u00e1s significativas, ofreciendo recomendaciones si fuera de inter\u00e9s. El programa de 7 d\u00edas con el Pedido, nos ayuda a profundizar nuestra experiencia en este proceso de ir paso a paso despertando el coraz\u00f3n. A trav\u00e9s de \u00e9l, nos conectamos con lo mejor de nosotros, aclaramos lo que necesitamos realmente y encontramos nuestra fuerza interna. Pedidos D\u00eda 1- Pide por tiD\u00eda 2: Pide por tus seres queridosD\u00eda 3: Pide por alejar la contradicci\u00f3nD\u00eda 4: AgradecimientoD\u00eda 5: Pide por la reconciliaci\u00f3n con uno mismo y con los dem\u00e1sD\u00eda 6: Pide porque tu vida tenga unidadD\u00eda 7: Pide por lo que necesitas realmente \u00bfC\u00f3mo Funciona este Programa? El Pedido se realiza individualmente durante 7 d\u00edas, se practica 2 veces al d\u00eda \u2013 preferentemente a la ma\u00f1ana y a la noche-. Cada d\u00eda se env\u00eda un recordatorio a cada participante con un pedido diferente, junto con una reflexi\u00f3n y una [&hellip;]<\/p>\n","protected":false},"author":1,"featured_media":0,"parent":0,"menu_order":0,"comment_status":"closed","ping_status":"closed","template":"","meta":{"_et_pb_use_builder":"on","_et_pb_old_content":"","_et_gb_content_width":"","footnotes":""},"class_list":["post-21","page","type-page","status-publish","hentry"],"yoast_head":"<!-- This site is optimized with the Yoast SEO plugin v27.4 - https:\/\/yoast.com\/product\/yoast-seo-wordpress\/ -->\n<title>proximos eventos - El Pedido<\/title>\n<meta name=\"robots\" content=\"index, follow, max-snippet:-1, max-image-preview:large, max-video-preview:-1\" \/>\n<link rel=\"canonical\" href=\"https:\/\/pedido.org\/_web\/proximos-eventos\/\" \/>\n<meta property=\"og:locale\" content=\"es_ES\" \/>\n<meta property=\"og:type\" content=\"article\" \/>\n<meta property=\"og:title\" content=\"proximos eventos - El Pedido\" \/>\n<meta property=\"og:description\" content=\"Invitaci\u00f3n Nos complace presentar un nuevo programa virtual del Programa de \u201c7 d\u00edas con El Pedido\u201d en idioma espa\u00f1ol. Comenzar\u00e1 el d\u00eda domingo 01 de marzo de 2026, a las 15 hs PDV, Arg. Presentaremos \u201cEl Regalo del Pedido\u201c. Comentaremos c\u00f3mo funciona el programa, realizaremos una pr\u00e1ctica del mismo e intercambiaremos sobre las experiencias m\u00e1s significativas, ofreciendo recomendaciones si fuera de inter\u00e9s. El programa de 7 d\u00edas con el Pedido, nos ayuda a profundizar nuestra experiencia en este proceso de ir paso a paso despertando el coraz\u00f3n. A trav\u00e9s de \u00e9l, nos conectamos con lo mejor de nosotros, aclaramos lo que necesitamos realmente y encontramos nuestra fuerza interna. Pedidos D\u00eda 1- Pide por tiD\u00eda 2: Pide por tus seres queridosD\u00eda 3: Pide por alejar la contradicci\u00f3nD\u00eda 4: AgradecimientoD\u00eda 5: Pide por la reconciliaci\u00f3n con uno mismo y con los dem\u00e1sD\u00eda 6: Pide porque tu vida tenga unidadD\u00eda 7: Pide por lo que necesitas realmente \u00bfC\u00f3mo Funciona este Programa? El Pedido se realiza individualmente durante 7 d\u00edas, se practica 2 veces al d\u00eda \u2013 preferentemente a la ma\u00f1ana y a la noche-. Cada d\u00eda se env\u00eda un recordatorio a cada participante con un pedido diferente, junto con una reflexi\u00f3n y una [&hellip;]\" \/>\n<meta property=\"og:url\" content=\"https:\/\/pedido.org\/_web\/proximos-eventos\/\" \/>\n<meta property=\"og:site_name\" content=\"El Pedido\" \/>\n<meta property=\"article:modified_time\" content=\"2026-02-24T02:36:35+00:00\" \/>\n<meta name=\"twitter:card\" content=\"summary_large_image\" \/>\n<meta name=\"twitter:label1\" content=\"Tiempo de lectura\" \/>\n\t<meta name=\"twitter:data1\" content=\"2 minutos\" \/>\n<script type=\"application\/ld+json\" class=\"yoast-schema-graph\">{\"@context\":\"https:\\\/\\\/schema.org\",\"@graph\":[{\"@type\":\"WebPage\",\"@id\":\"https:\\\/\\\/pedido.org\\\/_web\\\/proximos-eventos\\\/\",\"url\":\"https:\\\/\\\/pedido.org\\\/_web\\\/proximos-eventos\\\/\",\"name\":\"proximos eventos - El Pedido\",\"isPartOf\":{\"@id\":\"https:\\\/\\\/pedido.org\\\/_web\\\/#website\"},\"datePublished\":\"2023-11-30T19:26:27+00:00\",\"dateModified\":\"2026-02-24T02:36:35+00:00\",\"breadcrumb\":{\"@id\":\"https:\\\/\\\/pedido.org\\\/_web\\\/proximos-eventos\\\/#breadcrumb\"},\"inLanguage\":\"es\",\"potentialAction\":[{\"@type\":\"ReadAction\",\"target\":[\"https:\\\/\\\/pedido.org\\\/_web\\\/proximos-eventos\\\/\"]}]},{\"@type\":\"BreadcrumbList\",\"@id\":\"https:\\\/\\\/pedido.org\\\/_web\\\/proximos-eventos\\\/#breadcrumb\",\"itemListElement\":[{\"@type\":\"ListItem\",\"position\":1,\"name\":\"Portada\",\"item\":\"https:\\\/\\\/pedido.org\\\/_web\\\/\"},{\"@type\":\"ListItem\",\"position\":2,\"name\":\"proximos eventos\"}]},{\"@type\":\"WebSite\",\"@id\":\"https:\\\/\\\/pedido.org\\\/_web\\\/#website\",\"url\":\"https:\\\/\\\/pedido.org\\\/_web\\\/\",\"name\":\"El Pedido\",\"description\":\"7 D\u00edas Del Pedido\",\"potentialAction\":[{\"@type\":\"SearchAction\",\"target\":{\"@type\":\"EntryPoint\",\"urlTemplate\":\"https:\\\/\\\/pedido.org\\\/_web\\\/?s={search_term_string}\"},\"query-input\":{\"@type\":\"PropertyValueSpecification\",\"valueRequired\":true,\"valueName\":\"search_term_string\"}}],\"inLanguage\":\"es\"}]}<\/script>\n<!-- \/ Yoast SEO plugin. -->","yoast_head_json":{"title":"proximos eventos - El Pedido","robots":{"index":"index","follow":"follow","max-snippet":"max-snippet:-1","max-image-preview":"max-image-preview:large","max-video-preview":"max-video-preview:-1"},"canonical":"https:\/\/pedido.org\/_web\/proximos-eventos\/","og_locale":"es_ES","og_type":"article","og_title":"proximos eventos - El Pedido","og_description":"Invitaci\u00f3n Nos complace presentar un nuevo programa virtual del Programa de \u201c7 d\u00edas con El Pedido\u201d en idioma espa\u00f1ol. Comenzar\u00e1 el d\u00eda domingo 01 de marzo de 2026, a las 15 hs PDV, Arg. Presentaremos \u201cEl Regalo del Pedido\u201c. Comentaremos c\u00f3mo funciona el programa, realizaremos una pr\u00e1ctica del mismo e intercambiaremos sobre las experiencias m\u00e1s significativas, ofreciendo recomendaciones si fuera de inter\u00e9s. El programa de 7 d\u00edas con el Pedido, nos ayuda a profundizar nuestra experiencia en este proceso de ir paso a paso despertando el coraz\u00f3n. A trav\u00e9s de \u00e9l, nos conectamos con lo mejor de nosotros, aclaramos lo que necesitamos realmente y encontramos nuestra fuerza interna. Pedidos D\u00eda 1- Pide por tiD\u00eda 2: Pide por tus seres queridosD\u00eda 3: Pide por alejar la contradicci\u00f3nD\u00eda 4: AgradecimientoD\u00eda 5: Pide por la reconciliaci\u00f3n con uno mismo y con los dem\u00e1sD\u00eda 6: Pide porque tu vida tenga unidadD\u00eda 7: Pide por lo que necesitas realmente \u00bfC\u00f3mo Funciona este Programa? El Pedido se realiza individualmente durante 7 d\u00edas, se practica 2 veces al d\u00eda \u2013 preferentemente a la ma\u00f1ana y a la noche-. Cada d\u00eda se env\u00eda un recordatorio a cada participante con un pedido diferente, junto con una reflexi\u00f3n y una [&hellip;]","og_url":"https:\/\/pedido.org\/_web\/proximos-eventos\/","og_site_name":"El Pedido","article_modified_time":"2026-02-24T02:36:35+00:00","twitter_card":"summary_large_image","twitter_misc":{"Tiempo de lectura":"2 minutos"},"schema":{"@context":"https:\/\/schema.org","@graph":[{"@type":"WebPage","@id":"https:\/\/pedido.org\/_web\/proximos-eventos\/","url":"https:\/\/pedido.org\/_web\/proximos-eventos\/","name":"proximos eventos - El Pedido","isPartOf":{"@id":"https:\/\/pedido.org\/_web\/#website"},"datePublished":"2023-11-30T19:26:27+00:00","dateModified":"2026-02-24T02:36:35+00:00","breadcrumb":{"@id":"https:\/\/pedido.org\/_web\/proximos-eventos\/#breadcrumb"},"inLanguage":"es","potentialAction":[{"@type":"ReadAction","target":["https:\/\/pedido.org\/_web\/proximos-eventos\/"]}]},{"@type":"BreadcrumbList","@id":"https:\/\/pedido.org\/_web\/proximos-eventos\/#breadcrumb","itemListElement":[{"@type":"ListItem","position":1,"name":"Portada","item":"https:\/\/pedido.org\/_web\/"},{"@type":"ListItem","position":2,"name":"proximos eventos"}]},{"@type":"WebSite","@id":"https:\/\/pedido.org\/_web\/#website","url":"https:\/\/pedido.org\/_web\/","name":"El Pedido","description":"7 D\u00edas Del Pedido","potentialAction":[{"@type":"SearchAction","target":{"@type":"EntryPoint","urlTemplate":"https:\/\/pedido.org\/_web\/?s={search_term_string}"},"query-input":{"@type":"PropertyValueSpecification","valueRequired":true,"valueName":"search_term_string"}}],"inLanguage":"es"}]}},"_links":{"self":[{"href":"https:\/\/pedido.org\/_web\/wp-json\/wp\/v2\/pages\/21","targetHints":{"allow":["GET"]}}],"collection":[{"href":"https:\/\/pedido.org\/_web\/wp-json\/wp\/v2\/pages"}],"about":[{"href":"https:\/\/pedido.org\/_web\/wp-json\/wp\/v2\/types\/page"}],"author":[{"embeddable":true,"href":"https:\/\/pedido.org\/_web\/wp-json\/wp\/v2\/users\/1"}],"replies":[{"embeddable":true,"href":"https:\/\/pedido.org\/_web\/wp-json\/wp\/v2\/comments?post=21"}],"version-history":[{"count":19,"href":"https:\/\/pedido.org\/_web\/wp-json\/wp\/v2\/pages\/21\/revisions"}],"predecessor-version":[{"id":2228,"href":"https:\/\/pedido.org\/_web\/wp-json\/wp\/v2\/pages\/21\/revisions\/2228"}],"wp:attachment":[{"href":"https:\/\/pedido.org\/_web\/wp-json\/wp\/v2\/media?parent=21"}],"curies":[{"name":"wp","href":"https:\/\/api.w.org\/{rel}","templated":true}]}}